{"id":54,"date":"2021-09-03T10:11:54","date_gmt":"2021-09-03T10:11:54","guid":{"rendered":"https:\/\/www.tier-umwelt-hilfe-brasilien.ch\/?page_id=54"},"modified":"2025-08-04T18:49:53","modified_gmt":"2025-08-04T18:49:53","slug":"aufforsten","status":"publish","type":"page","link":"https:\/\/www.tier-umwelt-hilfe-brasilien.ch\/index.php\/aufforsten\/","title":{"rendered":"Aufforsten"},"content":{"rendered":"\n<p>Leider wird in Brasilien immer noch viel zu viel Wald gerodet. Wer kennt nicht die Bilder von riesigen Waldbr\u00e4nden im Amazonasgebiet. Kurzfristiges, wirtschaftliches Denken ist den Menschen wichtiger, als ein weiterhin lebenswerter Planet. Das Abholzen der W\u00e4lder beschleunigt den Klimaeffekt.<\/p>\n\n\n\n<figure class=\"wp-block-image is-resized\"><img loading=\"lazy\" decoding=\"async\" src=\"https:\/\/www.tier-umwelt-hilfe-brasilien.ch\/wp-content\/uploads\/2021\/09\/setzlinge-1.jpg\" alt=\"\" width=\"118\" height=\"118\" \/><\/figure>\n\n\n\n<p>In unserer Gegend gab es den Atlantikurwald. Seine Fl\u00e4chen verschwinden  immer mehr, liegen doch ein Grossteil der Siedlungen im K\u00fcstengebiet. <\/p>\n\n\n\n<p>Gezielt aufforsten ist nicht so einfach, wie man denkt: Wir wollen, dass unsere Setzlinge zu B\u00e4umen und einem Wald heranwachsen, der nicht nach einigen Jahren gerodet wird, weil Menschen Siedlungen bauen oder Ackerland brauchen. <\/p>\n\n\n\n<div class=\"wp-block-jetpack-tiled-gallery aligncenter is-style-rectangular\"><div class=\"\"><div class=\"tiled-gallery__gallery\"><div class=\"tiled-gallery__row\"><div class=\"tiled-gallery__col\" style=\"flex-basis:67.69157%\"><figure class=\"tiled-gallery__item\"><img decoding=\"async\" srcset=\"https:\/\/i0.wp.com\/www.tier-umwelt-hilfe-brasilien.ch\/wp-content\/uploads\/2022\/07\/tabajaras-7.22-2-1024x768.jpg?strip=info&#038;w=600&#038;ssl=1 600w,https:\/\/i0.wp.com\/www.tier-umwelt-hilfe-brasilien.ch\/wp-content\/uploads\/2022\/07\/tabajaras-7.22-2-1024x768.jpg?strip=info&#038;w=900&#038;ssl=1 900w,https:\/\/i0.wp.com\/www.tier-umwelt-hilfe-brasilien.ch\/wp-content\/uploads\/2022\/07\/tabajaras-7.22-2-1024x768.jpg?strip=info&#038;w=1200&#038;ssl=1 1200w,https:\/\/i0.wp.com\/www.tier-umwelt-hilfe-brasilien.ch\/wp-content\/uploads\/2022\/07\/tabajaras-7.22-2-1024x768.jpg?strip=info&#038;w=1500&#038;ssl=1 1500w,https:\/\/i0.wp.com\/www.tier-umwelt-hilfe-brasilien.ch\/wp-content\/uploads\/2022\/07\/tabajaras-7.22-2-1024x768.jpg?strip=info&#038;w=1600&#038;ssl=1 1600w\" alt=\"\" data-height=\"1200\" data-id=\"432\" data-link=\"https:\/\/www.tier-umwelt-hilfe-brasilien.ch\/index.php\/aufforsten\/tabajaras-7-22-2\/\" data-url=\"https:\/\/www.tier-umwelt-hilfe-brasilien.ch\/wp-content\/uploads\/2022\/07\/tabajaras-7.22-2-1024x768.jpg\" data-width=\"1600\" src=\"https:\/\/i0.wp.com\/www.tier-umwelt-hilfe-brasilien.ch\/wp-content\/uploads\/2022\/07\/tabajaras-7.22-2-1024x768.jpg?ssl=1\" data-amp-layout=\"responsive\"\/><\/figure><\/div><div class=\"tiled-gallery__col\" style=\"flex-basis:32.30843%\"><figure class=\"tiled-gallery__item\"><img decoding=\"async\" srcset=\"https:\/\/i0.wp.com\/www.tier-umwelt-hilfe-brasilien.ch\/wp-content\/uploads\/2022\/07\/tabajaras-7.22.jpg?strip=info&#038;w=600&#038;ssl=1 600w,https:\/\/i0.wp.com\/www.tier-umwelt-hilfe-brasilien.ch\/wp-content\/uploads\/2022\/07\/tabajaras-7.22.jpg?strip=info&#038;w=900&#038;ssl=1 900w,https:\/\/i0.wp.com\/www.tier-umwelt-hilfe-brasilien.ch\/wp-content\/uploads\/2022\/07\/tabajaras-7.22.jpg?strip=info&#038;w=940&#038;ssl=1 940w\" alt=\"\" data-height=\"940\" data-id=\"433\" data-link=\"https:\/\/www.tier-umwelt-hilfe-brasilien.ch\/index.php\/aufforsten\/tabajaras-7-22\/\" data-url=\"https:\/\/www.tier-umwelt-hilfe-brasilien.ch\/wp-content\/uploads\/2022\/07\/tabajaras-7.22.jpg\" data-width=\"940\" src=\"https:\/\/i0.wp.com\/www.tier-umwelt-hilfe-brasilien.ch\/wp-content\/uploads\/2022\/07\/tabajaras-7.22.jpg?ssl=1\" data-amp-layout=\"responsive\"\/><\/figure><figure class=\"tiled-gallery__item\"><img decoding=\"async\" srcset=\"https:\/\/i0.wp.com\/www.tier-umwelt-hilfe-brasilien.ch\/wp-content\/uploads\/2022\/07\/tabajaras-7.22-3-1024x576.jpg?strip=info&#038;w=600&#038;ssl=1 600w,https:\/\/i0.wp.com\/www.tier-umwelt-hilfe-brasilien.ch\/wp-content\/uploads\/2022\/07\/tabajaras-7.22-3-1024x576.jpg?strip=info&#038;w=900&#038;ssl=1 900w,https:\/\/i0.wp.com\/www.tier-umwelt-hilfe-brasilien.ch\/wp-content\/uploads\/2022\/07\/tabajaras-7.22-3-1024x576.jpg?strip=info&#038;w=1200&#038;ssl=1 1200w,https:\/\/i0.wp.com\/www.tier-umwelt-hilfe-brasilien.ch\/wp-content\/uploads\/2022\/07\/tabajaras-7.22-3-1024x576.jpg?strip=info&#038;w=1280&#038;ssl=1 1280w\" alt=\"\" data-height=\"720\" data-id=\"434\" data-link=\"https:\/\/www.tier-umwelt-hilfe-brasilien.ch\/index.php\/aufforsten\/tabajaras-7-22-3\/\" data-url=\"https:\/\/www.tier-umwelt-hilfe-brasilien.ch\/wp-content\/uploads\/2022\/07\/tabajaras-7.22-3-1024x576.jpg\" data-width=\"1280\" src=\"https:\/\/i0.wp.com\/www.tier-umwelt-hilfe-brasilien.ch\/wp-content\/uploads\/2022\/07\/tabajaras-7.22-3-1024x576.jpg?ssl=1\" data-amp-layout=\"responsive\"\/><\/figure><\/div><\/div><div class=\"tiled-gallery__row\"><div class=\"tiled-gallery__col\" style=\"flex-basis:100.00000%\"><figure class=\"tiled-gallery__item\"><img decoding=\"async\" srcset=\"https:\/\/i0.wp.com\/www.tier-umwelt-hilfe-brasilien.ch\/wp-content\/uploads\/2022\/07\/tabajaras-7.22-4-1024x768.jpg?strip=info&#038;w=600&#038;ssl=1 600w,https:\/\/i0.wp.com\/www.tier-umwelt-hilfe-brasilien.ch\/wp-content\/uploads\/2022\/07\/tabajaras-7.22-4-1024x768.jpg?strip=info&#038;w=900&#038;ssl=1 900w,https:\/\/i0.wp.com\/www.tier-umwelt-hilfe-brasilien.ch\/wp-content\/uploads\/2022\/07\/tabajaras-7.22-4-1024x768.jpg?strip=info&#038;w=1200&#038;ssl=1 1200w,https:\/\/i0.wp.com\/www.tier-umwelt-hilfe-brasilien.ch\/wp-content\/uploads\/2022\/07\/tabajaras-7.22-4-1024x768.jpg?strip=info&#038;w=1500&#038;ssl=1 1500w,https:\/\/i0.wp.com\/www.tier-umwelt-hilfe-brasilien.ch\/wp-content\/uploads\/2022\/07\/tabajaras-7.22-4-1024x768.jpg?strip=info&#038;w=1800&#038;ssl=1 1800w,https:\/\/i0.wp.com\/www.tier-umwelt-hilfe-brasilien.ch\/wp-content\/uploads\/2022\/07\/tabajaras-7.22-4-1024x768.jpg?strip=info&#038;w=1824&#038;ssl=1 1824w\" alt=\"\" data-height=\"1368\" data-id=\"435\" data-link=\"https:\/\/www.tier-umwelt-hilfe-brasilien.ch\/index.php\/aufforsten\/tabajaras-7-22-4\/\" data-url=\"https:\/\/www.tier-umwelt-hilfe-brasilien.ch\/wp-content\/uploads\/2022\/07\/tabajaras-7.22-4-1024x768.jpg\" data-width=\"1824\" src=\"https:\/\/i0.wp.com\/www.tier-umwelt-hilfe-brasilien.ch\/wp-content\/uploads\/2022\/07\/tabajaras-7.22-4-1024x768.jpg?ssl=1\" data-amp-layout=\"responsive\"\/><\/figure><\/div><\/div><\/div><\/div><\/div>\n\n\n\n<p>2019 und 2020 arbeiteten wir mit Farmern zusammen und finanzierten Fruchtb\u00e4ume. Mit Genetton pflanzten wir Frucht- und Mangrovensetzlinge in st\u00e4dtischen Gebieten. Die Resultate befriedigten nicht. <\/p>\n\n\n\n<figure class=\"wp-block-image is-resized\"><img decoding=\"async\" src=\"https:\/\/www.tier-umwelt-hilfe-brasilien.ch\/wp-content\/uploads\/2021\/09\/setzlinge-2.jpg\" alt=\"\" style=\"width:157px;height:209px\"\/><\/figure>\n\n\n\n<p>Anfang 2021 lernten wir H\u00e4uptling Ednaldo von den Tabajara-Indios kennen. Ihr Gebiet liegt in einer riesigen, stillgelegten Bambusplantage in Conde s\u00fcdlich von Jo\u00e3o Pessoa. Wir finanzierten im Fr\u00fchling die Rodung von 4 Hektaren Bambus und pflanzten Setzlinge des Atlantikurwaldes. Um den Boden fruchtbarer zu machen, setzten die Indios dazwischen Maniokpflanzen, K\u00fcrbisse, Mais und Bohnen. Um sie zur Pflege der Setzlinge zu motivieren, zahlen wir via den H\u00e4uptling eine monatliche Entsch\u00e4digung von ca. CHF 40.-\/Hektare. <\/p>\n\n\n\n<figure class=\"wp-block-image is-resized\"><img decoding=\"async\" src=\"https:\/\/www.tier-umwelt-hilfe-brasilien.ch\/wp-content\/uploads\/2021\/09\/setzen-1.jpg\" alt=\"\" style=\"width:199px;height:92px\"\/><\/figure>\n\n\n\n<p>Im M\u00e4rz und im Oktober 2022 liessen wir je weitere 5 Hektaren Bambus roden. Die Indios legten inzwischen eine Baumschule an. So k\u00f6nnen sie selber ihre Setzlinge ziehen, und wir k\u00f6nnen noch mehr erreichen. <\/p>\n\n\n\n<figure class=\"wp-block-image is-resized\"><img decoding=\"async\" src=\"https:\/\/www.tier-umwelt-hilfe-brasilien.ch\/wp-content\/uploads\/2021\/09\/aufforsten-1.jpg\" alt=\"\" style=\"width:205px;height:115px\"\/><\/figure>\n\n\n\n<p>W\u00e4hrend wir von 4 und 10 Hektaren sprechen, verschwinden im Amazonasbecken monatlich etwa 1&#8217;000 km2! Aber wir leisten unseren kleinen Anteil. Mit dem Aufbau von Vertrauen hoffen wir, bald mehr zu erreichen.<\/p>\n\n\n\n<div class=\"wp-block-jetpack-tiled-gallery aligncenter is-style-rectangular\"><div class=\"\"><div class=\"tiled-gallery__gallery\"><div class=\"tiled-gallery__row\"><div class=\"tiled-gallery__col\" style=\"flex-basis:72.80569%\"><figure class=\"tiled-gallery__item\"><img decoding=\"async\" srcset=\"https:\/\/i0.wp.com\/www.tier-umwelt-hilfe-brasilien.ch\/wp-content\/uploads\/2022\/04\/mangroven-3.22-1.jpg?strip=info&#038;w=600&#038;ssl=1 600w,https:\/\/i0.wp.com\/www.tier-umwelt-hilfe-brasilien.ch\/wp-content\/uploads\/2022\/04\/mangroven-3.22-1.jpg?strip=info&#038;w=900&#038;ssl=1 900w,https:\/\/i0.wp.com\/www.tier-umwelt-hilfe-brasilien.ch\/wp-content\/uploads\/2022\/04\/mangroven-3.22-1.jpg?strip=info&#038;w=912&#038;ssl=1 912w\" alt=\"\" data-height=\"684\" data-id=\"358\" data-link=\"https:\/\/www.tier-umwelt-hilfe-brasilien.ch\/index.php\/aufforsten\/mangroven-3-22-1\/\" data-url=\"https:\/\/www.tier-umwelt-hilfe-brasilien.ch\/wp-content\/uploads\/2022\/04\/mangroven-3.22-1.jpg\" data-width=\"912\" src=\"https:\/\/i0.wp.com\/www.tier-umwelt-hilfe-brasilien.ch\/wp-content\/uploads\/2022\/04\/mangroven-3.22-1.jpg?ssl=1\" data-amp-layout=\"responsive\"\/><\/figure><\/div><div class=\"tiled-gallery__col\" style=\"flex-basis:27.19431%\"><figure class=\"tiled-gallery__item\"><img decoding=\"async\" srcset=\"https:\/\/i0.wp.com\/www.tier-umwelt-hilfe-brasilien.ch\/wp-content\/uploads\/2022\/04\/mangroven-3.22-3.jpg?strip=info&#038;w=600&#038;ssl=1 600w,https:\/\/i0.wp.com\/www.tier-umwelt-hilfe-brasilien.ch\/wp-content\/uploads\/2022\/04\/mangroven-3.22-3.jpg?strip=info&#038;w=900&#038;ssl=1 900w,https:\/\/i0.wp.com\/www.tier-umwelt-hilfe-brasilien.ch\/wp-content\/uploads\/2022\/04\/mangroven-3.22-3.jpg?strip=info&#038;w=960&#038;ssl=1 960w\" alt=\"\" data-height=\"960\" data-id=\"357\" data-link=\"https:\/\/www.tier-umwelt-hilfe-brasilien.ch\/index.php\/aufforsten\/mangroven-3-22-3\/\" data-url=\"https:\/\/www.tier-umwelt-hilfe-brasilien.ch\/wp-content\/uploads\/2022\/04\/mangroven-3.22-3.jpg\" data-width=\"960\" src=\"https:\/\/i0.wp.com\/www.tier-umwelt-hilfe-brasilien.ch\/wp-content\/uploads\/2022\/04\/mangroven-3.22-3.jpg?ssl=1\" data-amp-layout=\"responsive\"\/><\/figure><figure class=\"tiled-gallery__item\"><img decoding=\"async\" srcset=\"https:\/\/i0.wp.com\/www.tier-umwelt-hilfe-brasilien.ch\/wp-content\/uploads\/2022\/04\/mangroven-3.22-2.jpg?strip=info&#038;w=600&#038;ssl=1 600w,https:\/\/i0.wp.com\/www.tier-umwelt-hilfe-brasilien.ch\/wp-content\/uploads\/2022\/04\/mangroven-3.22-2.jpg?strip=info&#038;w=900&#038;ssl=1 900w,https:\/\/i0.wp.com\/www.tier-umwelt-hilfe-brasilien.ch\/wp-content\/uploads\/2022\/04\/mangroven-3.22-2.jpg?strip=info&#038;w=960&#038;ssl=1 960w\" alt=\"\" data-height=\"960\" data-id=\"355\" data-link=\"https:\/\/www.tier-umwelt-hilfe-brasilien.ch\/index.php\/aufforsten\/mangroven-3-22-2\/\" data-url=\"https:\/\/www.tier-umwelt-hilfe-brasilien.ch\/wp-content\/uploads\/2022\/04\/mangroven-3.22-2.jpg\" data-width=\"960\" src=\"https:\/\/i0.wp.com\/www.tier-umwelt-hilfe-brasilien.ch\/wp-content\/uploads\/2022\/04\/mangroven-3.22-2.jpg?ssl=1\" data-amp-layout=\"responsive\"\/><\/figure><\/div><\/div><div class=\"tiled-gallery__row\"><div class=\"tiled-gallery__col\" style=\"flex-basis:100.00000%\"><figure class=\"tiled-gallery__item\"><img decoding=\"async\" srcset=\"https:\/\/i0.wp.com\/www.tier-umwelt-hilfe-brasilien.ch\/wp-content\/uploads\/2022\/07\/manguezal-7.22-1024x576.jpg?strip=info&#038;w=600&#038;ssl=1 600w,https:\/\/i0.wp.com\/www.tier-umwelt-hilfe-brasilien.ch\/wp-content\/uploads\/2022\/07\/manguezal-7.22-1024x576.jpg?strip=info&#038;w=900&#038;ssl=1 900w,https:\/\/i0.wp.com\/www.tier-umwelt-hilfe-brasilien.ch\/wp-content\/uploads\/2022\/07\/manguezal-7.22-1024x576.jpg?strip=info&#038;w=1200&#038;ssl=1 1200w,https:\/\/i0.wp.com\/www.tier-umwelt-hilfe-brasilien.ch\/wp-content\/uploads\/2022\/07\/manguezal-7.22-1024x576.jpg?strip=info&#038;w=1280&#038;ssl=1 1280w\" alt=\"\" data-height=\"720\" data-id=\"438\" data-link=\"https:\/\/www.tier-umwelt-hilfe-brasilien.ch\/index.php\/aufforsten\/manguezal-7-22\/\" data-url=\"https:\/\/www.tier-umwelt-hilfe-brasilien.ch\/wp-content\/uploads\/2022\/07\/manguezal-7.22-1024x576.jpg\" data-width=\"1280\" src=\"https:\/\/i0.wp.com\/www.tier-umwelt-hilfe-brasilien.ch\/wp-content\/uploads\/2022\/07\/manguezal-7.22-1024x576.jpg?ssl=1\" data-amp-layout=\"responsive\"\/><\/figure><\/div><\/div><\/div><\/div><\/div>\n\n\n\n<p>Wichtig f\u00fcr das \u00d6kosystem sind die Mangrovens\u00fcmpfe. Schon 2020 machten wir erste Tests. Leider waren diese nicht erfolgreich, weil wir keinen entsprechenden Ort hatten. Im Februar 2022 begannen wir mit dem Pflanzen bei der M\u00fcndung des Rio Cuia, s\u00fcdlich von Jacarap\u00e9 in Jo\u00e3o Pessoa. Vom Februar bis April pflanzten wir \u00fcber 5&#8217;000 Setzlinge und sogenannte &#8218;Canetas&#8216;, das heisst Samen, die noch nicht ausgeschlagen hatten. Wir dehnen das Projekt aus, das vom Umweltamt der Stadt Jo\u00e3o Pessoa abgesegnet ist.<\/p>\n\n\n\n<p>Von unseren Mangrovensetzlingen 2022 verloren wir viele durch Flussbett\u00e4nderung des Rio Cuia und durch Fluten. Aber viele haben \u00fcberlebt. <\/p>\n\n\n\n<p>Ab Mitte Februar 2023 pflanzen wir j\u00e4hrlich \u00fcber 12&#8217;000 Mangrovensamen. Bis im Juli 2025 zahlten wir zuerst Jos\u00e9 und seiner Tochter Jacqueline und sp\u00e4ter nur Jos\u00e9 einen monatlichen Zustupf. Aus gesundheitlichen Gr\u00fcnden zog sich Jos\u00e9 zur\u00fcck. Im Juli 2025 \u00fcbernahm Thiago diesen &#8218;Job&#8216;. Thiago bietet Kanufahrten in einem nahen Mangrovensumpf an und ist super motiviert. <\/p>\n\n\n\n<figure class=\"wp-block-gallery has-nested-images columns-default is-cropped wp-block-gallery-1 is-layout-flex wp-block-gallery-is-layout-flex\">\n<figure class=\"wp-block-image size-large\"><img loading=\"lazy\" decoding=\"async\" width=\"1024\" height=\"768\" data-id=\"575\" src=\"https:\/\/www.tier-umwelt-hilfe-brasilien.ch\/wp-content\/uploads\/2023\/03\/manguezal-3.23-1024x768.jpg\" alt=\"\" class=\"wp-image-575\" srcset=\"https:\/\/www.tier-umwelt-hilfe-brasilien.ch\/wp-content\/uploads\/2023\/03\/manguezal-3.23-1024x768.jpg 1024w, https:\/\/www.tier-umwelt-hilfe-brasilien.ch\/wp-content\/uploads\/2023\/03\/manguezal-3.23-300x225.jpg 300w, https:\/\/www.tier-umwelt-hilfe-brasilien.ch\/wp-content\/uploads\/2023\/03\/manguezal-3.23-768x576.jpg 768w, https:\/\/www.tier-umwelt-hilfe-brasilien.ch\/wp-content\/uploads\/2023\/03\/manguezal-3.23-1536x1152.jpg 1536w, https:\/\/www.tier-umwelt-hilfe-brasilien.ch\/wp-content\/uploads\/2023\/03\/manguezal-3.23.jpg 2048w\" sizes=\"auto, (max-width: 706px) 89vw, (max-width: 767px) 82vw, 740px\" \/><\/figure>\n<\/figure>\n\n\n\n<p>Vorne und hinten sehen wir  Pflanzen von 2022, links in der Mitte solche vom Februar 2023 (Stand Juni 2023).<\/p>\n\n\n\n<figure class=\"wp-block-gallery has-nested-images columns-default is-cropped wp-block-gallery-2 is-layout-flex wp-block-gallery-is-layout-flex\">\n<figure class=\"wp-block-image size-large\"><img loading=\"lazy\" decoding=\"async\" width=\"1024\" height=\"874\" data-id=\"576\" src=\"https:\/\/www.tier-umwelt-hilfe-brasilien.ch\/wp-content\/uploads\/2023\/03\/manguezal-3.23-1-2-1024x874.jpg\" alt=\"\" class=\"wp-image-576\" srcset=\"https:\/\/www.tier-umwelt-hilfe-brasilien.ch\/wp-content\/uploads\/2023\/03\/manguezal-3.23-1-2-1024x874.jpg 1024w, https:\/\/www.tier-umwelt-hilfe-brasilien.ch\/wp-content\/uploads\/2023\/03\/manguezal-3.23-1-2-300x256.jpg 300w, https:\/\/www.tier-umwelt-hilfe-brasilien.ch\/wp-content\/uploads\/2023\/03\/manguezal-3.23-1-2-768x655.jpg 768w, https:\/\/www.tier-umwelt-hilfe-brasilien.ch\/wp-content\/uploads\/2023\/03\/manguezal-3.23-1-2.jpg 1440w\" sizes=\"auto, (max-width: 706px) 89vw, (max-width: 767px) 82vw, 740px\" \/><\/figure>\n<\/figure>\n\n\n\n<p>Im Vordergrund sehen wir neue Setzlinge (2023), in der Mitte solche von 2022 und hinten rechts solche von 2020.<\/p>\n\n\n\n<figure class=\"wp-block-gallery has-nested-images columns-default is-cropped wp-block-gallery-3 is-layout-flex wp-block-gallery-is-layout-flex\">\n<figure class=\"wp-block-image size-large\"><img loading=\"lazy\" decoding=\"async\" width=\"1024\" height=\"768\" data-id=\"730\" src=\"https:\/\/www.tier-umwelt-hilfe-brasilien.ch\/wp-content\/uploads\/2024\/07\/mangroven-6-1024x768.jpg\" alt=\"\" class=\"wp-image-730\" srcset=\"https:\/\/www.tier-umwelt-hilfe-brasilien.ch\/wp-content\/uploads\/2024\/07\/mangroven-6-1024x768.jpg 1024w, https:\/\/www.tier-umwelt-hilfe-brasilien.ch\/wp-content\/uploads\/2024\/07\/mangroven-6-300x225.jpg 300w, https:\/\/www.tier-umwelt-hilfe-brasilien.ch\/wp-content\/uploads\/2024\/07\/mangroven-6-768x576.jpg 768w, https:\/\/www.tier-umwelt-hilfe-brasilien.ch\/wp-content\/uploads\/2024\/07\/mangroven-6-1536x1153.jpg 1536w, https:\/\/www.tier-umwelt-hilfe-brasilien.ch\/wp-content\/uploads\/2024\/07\/mangroven-6.jpg 1599w\" sizes=\"auto, (max-width: 706px) 89vw, (max-width: 767px) 82vw, 740px\" \/><\/figure>\n<\/figure>\n\n\n\n<figure class=\"wp-block-image size-large\"><img loading=\"lazy\" decoding=\"async\" width=\"1024\" height=\"1024\" src=\"https:\/\/www.tier-umwelt-hilfe-brasilien.ch\/wp-content\/uploads\/2024\/02\/mangroven-12.23-1024x1024.jpg\" alt=\"\" class=\"wp-image-651\" srcset=\"https:\/\/www.tier-umwelt-hilfe-brasilien.ch\/wp-content\/uploads\/2024\/02\/mangroven-12.23-1024x1024.jpg 1024w, https:\/\/www.tier-umwelt-hilfe-brasilien.ch\/wp-content\/uploads\/2024\/02\/mangroven-12.23-300x300.jpg 300w, https:\/\/www.tier-umwelt-hilfe-brasilien.ch\/wp-content\/uploads\/2024\/02\/mangroven-12.23-150x150.jpg 150w, https:\/\/www.tier-umwelt-hilfe-brasilien.ch\/wp-content\/uploads\/2024\/02\/mangroven-12.23-768x768.jpg 768w, https:\/\/www.tier-umwelt-hilfe-brasilien.ch\/wp-content\/uploads\/2024\/02\/mangroven-12.23-100x100.jpg 100w, https:\/\/www.tier-umwelt-hilfe-brasilien.ch\/wp-content\/uploads\/2024\/02\/mangroven-12.23.jpg 1440w\" sizes=\"auto, (max-width: 706px) 89vw, (max-width: 767px) 82vw, 740px\" \/><\/figure>\n\n\n\n<p>Samen, die wir im Fr\u00fchling 2021 pflanzten, im Januar 2024.<\/p>\n\n\n\n<p>Unten sieht man das Aufforstungsgebiet im Fr\u00fchling 2025.<\/p>\n\n\n\n<figure class=\"wp-block-image size-large is-resized\"><img loading=\"lazy\" decoding=\"async\" width=\"1024\" height=\"768\" src=\"https:\/\/www.tier-umwelt-hilfe-brasilien.ch\/wp-content\/uploads\/2024\/07\/mangroven-7.24-1024x768.jpg\" alt=\"\" class=\"wp-image-723\" style=\"width:441px;height:auto\" srcset=\"https:\/\/www.tier-umwelt-hilfe-brasilien.ch\/wp-content\/uploads\/2024\/07\/mangroven-7.24-1024x768.jpg 1024w, https:\/\/www.tier-umwelt-hilfe-brasilien.ch\/wp-content\/uploads\/2024\/07\/mangroven-7.24-300x225.jpg 300w, https:\/\/www.tier-umwelt-hilfe-brasilien.ch\/wp-content\/uploads\/2024\/07\/mangroven-7.24-768x576.jpg 768w, https:\/\/www.tier-umwelt-hilfe-brasilien.ch\/wp-content\/uploads\/2024\/07\/mangroven-7.24-1536x1152.jpg 1536w, https:\/\/www.tier-umwelt-hilfe-brasilien.ch\/wp-content\/uploads\/2024\/07\/mangroven-7.24.jpg 1600w\" sizes=\"auto, (max-width: 706px) 89vw, (max-width: 767px) 82vw, 740px\" \/><\/figure>\n\n\n\n<p>Seit Mai 2024 beteiligen wir uns an einem Korallenprojekt der Meeresbiologin Karina Massei bei den Korallenriffen von Seixas in Jo\u00e3o Pessoa. Mit Fragmenten beleben wir die Korallenbank.<\/p>\n\n\n\n<figure class=\"wp-block-image size-large is-resized\"><img loading=\"lazy\" decoding=\"async\" width=\"576\" height=\"1024\" src=\"https:\/\/www.tier-umwelt-hilfe-brasilien.ch\/wp-content\/uploads\/2024\/07\/korallen-7.24-576x1024.jpg\" alt=\"\" class=\"wp-image-720\" style=\"width:310px;height:auto\" srcset=\"https:\/\/www.tier-umwelt-hilfe-brasilien.ch\/wp-content\/uploads\/2024\/07\/korallen-7.24-576x1024.jpg 576w, https:\/\/www.tier-umwelt-hilfe-brasilien.ch\/wp-content\/uploads\/2024\/07\/korallen-7.24-169x300.jpg 169w, https:\/\/www.tier-umwelt-hilfe-brasilien.ch\/wp-content\/uploads\/2024\/07\/korallen-7.24-768x1366.jpg 768w, https:\/\/www.tier-umwelt-hilfe-brasilien.ch\/wp-content\/uploads\/2024\/07\/korallen-7.24-864x1536.jpg 864w, https:\/\/www.tier-umwelt-hilfe-brasilien.ch\/wp-content\/uploads\/2024\/07\/korallen-7.24.jpg 899w\" sizes=\"auto, (max-width: 576px) 100vw, 576px\" \/><\/figure>\n\n\n\n<figure class=\"wp-block-image size-large is-resized\"><img loading=\"lazy\" decoding=\"async\" width=\"1024\" height=\"576\" src=\"https:\/\/www.tier-umwelt-hilfe-brasilien.ch\/wp-content\/uploads\/2024\/07\/korallen-7.24-2-1024x576.jpg\" alt=\"\" class=\"wp-image-721\" style=\"width:446px;height:auto\" srcset=\"https:\/\/www.tier-umwelt-hilfe-brasilien.ch\/wp-content\/uploads\/2024\/07\/korallen-7.24-2-1024x576.jpg 1024w, https:\/\/www.tier-umwelt-hilfe-brasilien.ch\/wp-content\/uploads\/2024\/07\/korallen-7.24-2-300x169.jpg 300w, https:\/\/www.tier-umwelt-hilfe-brasilien.ch\/wp-content\/uploads\/2024\/07\/korallen-7.24-2-768x432.jpg 768w, https:\/\/www.tier-umwelt-hilfe-brasilien.ch\/wp-content\/uploads\/2024\/07\/korallen-7.24-2-1536x864.jpg 1536w, https:\/\/www.tier-umwelt-hilfe-brasilien.ch\/wp-content\/uploads\/2024\/07\/korallen-7.24-2.jpg 1600w\" sizes=\"auto, (max-width: 706px) 89vw, (max-width: 767px) 82vw, 740px\" \/><\/figure>\n","protected":false},"excerpt":{"rendered":"<p>Leider wird in Brasilien immer noch viel zu viel Wald gerodet. Wer kennt nicht die Bilder von riesigen Waldbr\u00e4nden im Amazonasgebiet. Kurzfristiges, wirtschaftliches Denken ist den Menschen wichtiger, als ein weiterhin lebenswerter Planet. Das Abholzen der W\u00e4lder beschleunigt den Klimaeffekt. In unserer Gegend gab es den Atlantikurwald. Seine Fl\u00e4chen verschwinden immer mehr, liegen doch ein &hellip; <\/p>\n<p class=\"link-more\"><a href=\"https:\/\/www.tier-umwelt-hilfe-brasilien.ch\/index.php\/aufforsten\/\" class=\"more-link\"><span class=\"screen-reader-text\">\u201eAufforsten\u201c<\/span> weiterlesen<\/a><\/p>\n","protected":false},"author":1,"featured_media":0,"parent":0,"menu_order":0,"comment_status":"closed","ping_status":"closed","template":"","meta":{"footnotes":""},"class_list":["post-54","page","type-page","status-publish","hentry"],"jetpack_sharing_enabled":true,"_links":{"self":[{"href":"https:\/\/www.tier-umwelt-hilfe-brasilien.ch\/index.php\/wp-json\/wp\/v2\/pages\/54","targetHints":{"allow":["GET"]}}],"collection":[{"href":"https:\/\/www.tier-umwelt-hilfe-brasilien.ch\/index.php\/wp-json\/wp\/v2\/pages"}],"about":[{"href":"https:\/\/www.tier-umwelt-hilfe-brasilien.ch\/index.php\/wp-json\/wp\/v2\/types\/page"}],"author":[{"embeddable":true,"href":"https:\/\/www.tier-umwelt-hilfe-brasilien.ch\/index.php\/wp-json\/wp\/v2\/users\/1"}],"replies":[{"embeddable":true,"href":"https:\/\/www.tier-umwelt-hilfe-brasilien.ch\/index.php\/wp-json\/wp\/v2\/comments?post=54"}],"version-history":[{"count":37,"href":"https:\/\/www.tier-umwelt-hilfe-brasilien.ch\/index.php\/wp-json\/wp\/v2\/pages\/54\/revisions"}],"predecessor-version":[{"id":809,"href":"https:\/\/www.tier-umwelt-hilfe-brasilien.ch\/index.php\/wp-json\/wp\/v2\/pages\/54\/revisions\/809"}],"wp:attachment":[{"href":"https:\/\/www.tier-umwelt-hilfe-brasilien.ch\/index.php\/wp-json\/wp\/v2\/media?parent=54"}],"curies":[{"name":"wp","href":"https:\/\/api.w.org\/{rel}","templated":true}]}}