{"id":51,"date":"2021-09-03T10:11:07","date_gmt":"2021-09-03T10:11:07","guid":{"rendered":"https:\/\/www.tier-umwelt-hilfe-brasilien.ch\/?page_id=51"},"modified":"2025-07-20T16:47:25","modified_gmt":"2025-07-20T16:47:25","slug":"abfall-recycling","status":"publish","type":"page","link":"https:\/\/www.tier-umwelt-hilfe-brasilien.ch\/index.php\/abfall-recycling\/","title":{"rendered":"Abfall \/ Recycling"},"content":{"rendered":"\n<p>Die Abfallsituation an den Str\u00e4nden von Brasilien ist prek\u00e4r. 90 % des Abfalls stammt nicht von den Strandbesuchern, sondern aus dem Landesinnern. Dort werfen Leute M\u00fcll auf die Strasse oder die S\u00e4cke werden von Hunden, Pferden oder Menschen aufgerissen. Kommt Regen, nimmt das Wasser den Abfall mit. Via Kanalisation, B\u00e4che und Fl\u00fcsse gelangt er ins Meer. <\/p>\n\n\n\n<p>Seit seiner Ankunft in Jo\u00e3o Pessoa 2015 l\u00e4uft Hans Haller praktisch t\u00e4glich am Strand. Er tr\u00e4gt immer Plastiks\u00e4cke bei sich, in denen er Abfall sammelt. Rechnet man die neun Jahre mit 200 Sammeltagen und durchschnittlich 10 Kilos pro Tag ergibt das eine Abfallmenge von 18 Tonnen &#8230;<\/p>\n\n\n\n<p>Mit der Zeit vernetzte Hans sich mit Gleichgesinnten und Gruppen. Von September 2020 bis Ende 2023 arbeitete Genetton Araujo (Gruppe Malucos por Natureza) f\u00fcr den Verein. Zu seinen Aufgaben geh\u00f6rten die Organisation von Strandreinigungen (auch mit Kindern), Aufkl\u00e4rung betreffend Umweltschutz, Konstruieren und Anbringen von Gittern bei Kanalisationsl\u00f6chern an Strassenr\u00e4ndern, Aufforsten in Parks, Mangrovens\u00fcmpfen und im Indiogebiet.<\/p>\n\n\n\n<figure class=\"wp-block-gallery has-nested-images columns-default is-cropped wp-block-gallery-1 is-layout-flex wp-block-gallery-is-layout-flex\">\n<figure class=\"wp-block-image size-large\"><img loading=\"lazy\" decoding=\"async\" width=\"720\" height=\"720\" data-id=\"93\" src=\"https:\/\/www.tier-umwelt-hilfe-brasilien.ch\/wp-content\/uploads\/2021\/09\/abfall-1.jpg\" alt=\"\" class=\"wp-image-93\" srcset=\"https:\/\/www.tier-umwelt-hilfe-brasilien.ch\/wp-content\/uploads\/2021\/09\/abfall-1.jpg 720w, https:\/\/www.tier-umwelt-hilfe-brasilien.ch\/wp-content\/uploads\/2021\/09\/abfall-1-300x300.jpg 300w, https:\/\/www.tier-umwelt-hilfe-brasilien.ch\/wp-content\/uploads\/2021\/09\/abfall-1-150x150.jpg 150w, https:\/\/www.tier-umwelt-hilfe-brasilien.ch\/wp-content\/uploads\/2021\/09\/abfall-1-100x100.jpg 100w\" sizes=\"auto, (max-width: 720px) 100vw, 720px\" \/><\/figure>\n\n\n\n<figure class=\"wp-block-image size-large\"><img loading=\"lazy\" decoding=\"async\" width=\"1024\" height=\"614\" data-id=\"24\" src=\"https:\/\/www.tier-umwelt-hilfe-brasilien.ch\/wp-content\/uploads\/2021\/09\/cropped-IMG_20200919_095816-scaled-1-1024x614.jpg\" alt=\"\" class=\"wp-image-24\" srcset=\"https:\/\/www.tier-umwelt-hilfe-brasilien.ch\/wp-content\/uploads\/2021\/09\/cropped-IMG_20200919_095816-scaled-1-1024x614.jpg 1024w, https:\/\/www.tier-umwelt-hilfe-brasilien.ch\/wp-content\/uploads\/2021\/09\/cropped-IMG_20200919_095816-scaled-1-300x180.jpg 300w, https:\/\/www.tier-umwelt-hilfe-brasilien.ch\/wp-content\/uploads\/2021\/09\/cropped-IMG_20200919_095816-scaled-1-768x460.jpg 768w, https:\/\/www.tier-umwelt-hilfe-brasilien.ch\/wp-content\/uploads\/2021\/09\/cropped-IMG_20200919_095816-scaled-1-1536x921.jpg 1536w, https:\/\/www.tier-umwelt-hilfe-brasilien.ch\/wp-content\/uploads\/2021\/09\/cropped-IMG_20200919_095816-scaled-1.jpg 2000w\" sizes=\"auto, (max-width: 706px) 89vw, (max-width: 767px) 82vw, 740px\" \/><\/figure>\n\n\n\n<figure class=\"wp-block-image size-large\"><img loading=\"lazy\" decoding=\"async\" width=\"900\" height=\"900\" data-id=\"245\" src=\"https:\/\/www.tier-umwelt-hilfe-brasilien.ch\/wp-content\/uploads\/2021\/11\/genetton-11.21-1.jpg\" alt=\"\" class=\"wp-image-245\" srcset=\"https:\/\/www.tier-umwelt-hilfe-brasilien.ch\/wp-content\/uploads\/2021\/11\/genetton-11.21-1.jpg 900w, https:\/\/www.tier-umwelt-hilfe-brasilien.ch\/wp-content\/uploads\/2021\/11\/genetton-11.21-1-300x300.jpg 300w, https:\/\/www.tier-umwelt-hilfe-brasilien.ch\/wp-content\/uploads\/2021\/11\/genetton-11.21-1-150x150.jpg 150w, https:\/\/www.tier-umwelt-hilfe-brasilien.ch\/wp-content\/uploads\/2021\/11\/genetton-11.21-1-768x768.jpg 768w, https:\/\/www.tier-umwelt-hilfe-brasilien.ch\/wp-content\/uploads\/2021\/11\/genetton-11.21-1-100x100.jpg 100w\" sizes=\"auto, (max-width: 706px) 89vw, (max-width: 767px) 82vw, 740px\" \/><\/figure>\n\n\n\n<figure class=\"wp-block-image size-large\"><img loading=\"lazy\" decoding=\"async\" width=\"720\" height=\"720\" data-id=\"246\" src=\"https:\/\/www.tier-umwelt-hilfe-brasilien.ch\/wp-content\/uploads\/2021\/11\/genetton-11.21-2.jpg\" alt=\"\" class=\"wp-image-246\" srcset=\"https:\/\/www.tier-umwelt-hilfe-brasilien.ch\/wp-content\/uploads\/2021\/11\/genetton-11.21-2.jpg 720w, https:\/\/www.tier-umwelt-hilfe-brasilien.ch\/wp-content\/uploads\/2021\/11\/genetton-11.21-2-300x300.jpg 300w, https:\/\/www.tier-umwelt-hilfe-brasilien.ch\/wp-content\/uploads\/2021\/11\/genetton-11.21-2-150x150.jpg 150w, https:\/\/www.tier-umwelt-hilfe-brasilien.ch\/wp-content\/uploads\/2021\/11\/genetton-11.21-2-100x100.jpg 100w\" sizes=\"auto, (max-width: 720px) 100vw, 720px\" \/><\/figure>\n\n\n\n<figure class=\"wp-block-image size-large\"><img loading=\"lazy\" decoding=\"async\" width=\"560\" height=\"560\" data-id=\"247\" src=\"https:\/\/www.tier-umwelt-hilfe-brasilien.ch\/wp-content\/uploads\/2021\/11\/genetton-11.21-3.jpg\" alt=\"\" class=\"wp-image-247\" srcset=\"https:\/\/www.tier-umwelt-hilfe-brasilien.ch\/wp-content\/uploads\/2021\/11\/genetton-11.21-3.jpg 560w, https:\/\/www.tier-umwelt-hilfe-brasilien.ch\/wp-content\/uploads\/2021\/11\/genetton-11.21-3-300x300.jpg 300w, https:\/\/www.tier-umwelt-hilfe-brasilien.ch\/wp-content\/uploads\/2021\/11\/genetton-11.21-3-150x150.jpg 150w, https:\/\/www.tier-umwelt-hilfe-brasilien.ch\/wp-content\/uploads\/2021\/11\/genetton-11.21-3-100x100.jpg 100w\" sizes=\"auto, (max-width: 560px) 100vw, 560px\" \/><\/figure>\n\n\n\n<figure class=\"wp-block-image size-large\"><img loading=\"lazy\" decoding=\"async\" width=\"774\" height=\"774\" data-id=\"248\" src=\"https:\/\/www.tier-umwelt-hilfe-brasilien.ch\/wp-content\/uploads\/2021\/11\/caju-2.jpg\" alt=\"\" class=\"wp-image-248\" srcset=\"https:\/\/www.tier-umwelt-hilfe-brasilien.ch\/wp-content\/uploads\/2021\/11\/caju-2.jpg 774w, https:\/\/www.tier-umwelt-hilfe-brasilien.ch\/wp-content\/uploads\/2021\/11\/caju-2-300x300.jpg 300w, https:\/\/www.tier-umwelt-hilfe-brasilien.ch\/wp-content\/uploads\/2021\/11\/caju-2-150x150.jpg 150w, https:\/\/www.tier-umwelt-hilfe-brasilien.ch\/wp-content\/uploads\/2021\/11\/caju-2-768x768.jpg 768w, https:\/\/www.tier-umwelt-hilfe-brasilien.ch\/wp-content\/uploads\/2021\/11\/caju-2-100x100.jpg 100w\" sizes=\"auto, (max-width: 706px) 89vw, (max-width: 767px) 82vw, 740px\" \/><\/figure>\n<figcaption class=\"blocks-gallery-caption wp-element-caption\"><strong>Bocas de Lobo<\/strong><\/figcaption><\/figure>\n\n\n\n<p>Ein erfolgreiches Projekt ist das Vergittern von Schacht\u00f6ffnungen. Sie verhindern, dass der Abfall in die Kanalisation, in den Bach und schlussendlich ins Meer fliesst. Genetton brachte schon verschiedene in Cabedelo und jetzt auch in Jo\u00e3o Pessoa an. Wir motivieren weitere St\u00e4dte zum Mitmachen. So gibt es erste in Itapissuma, Igarassu und Abreu e Lima. Total sind es per Februar 2023 rund 200 St\u00fcck auf unsere Initiative. Eine Abdeckung kostet nicht \u00fcber CHF 20.- und bringt sehr viel.<\/p>\n\n\n\n<figure class=\"wp-block-gallery has-nested-images columns-default is-cropped wp-block-gallery-2 is-layout-flex wp-block-gallery-is-layout-flex\">\n<figure class=\"wp-block-image size-large\"><img loading=\"lazy\" decoding=\"async\" width=\"900\" height=\"900\" data-id=\"97\" src=\"https:\/\/www.tier-umwelt-hilfe-brasilien.ch\/wp-content\/uploads\/2021\/09\/bocas-2.jpg\" alt=\"\" class=\"wp-image-97\" srcset=\"https:\/\/www.tier-umwelt-hilfe-brasilien.ch\/wp-content\/uploads\/2021\/09\/bocas-2.jpg 900w, https:\/\/www.tier-umwelt-hilfe-brasilien.ch\/wp-content\/uploads\/2021\/09\/bocas-2-300x300.jpg 300w, https:\/\/www.tier-umwelt-hilfe-brasilien.ch\/wp-content\/uploads\/2021\/09\/bocas-2-150x150.jpg 150w, https:\/\/www.tier-umwelt-hilfe-brasilien.ch\/wp-content\/uploads\/2021\/09\/bocas-2-768x768.jpg 768w, https:\/\/www.tier-umwelt-hilfe-brasilien.ch\/wp-content\/uploads\/2021\/09\/bocas-2-100x100.jpg 100w\" sizes=\"auto, (max-width: 706px) 89vw, (max-width: 767px) 82vw, 740px\" \/><\/figure>\n\n\n\n<figure class=\"wp-block-image size-large\"><img loading=\"lazy\" decoding=\"async\" width=\"720\" height=\"720\" data-id=\"98\" src=\"https:\/\/www.tier-umwelt-hilfe-brasilien.ch\/wp-content\/uploads\/2021\/09\/bocas-3.jpg\" alt=\"\" class=\"wp-image-98\" srcset=\"https:\/\/www.tier-umwelt-hilfe-brasilien.ch\/wp-content\/uploads\/2021\/09\/bocas-3.jpg 720w, https:\/\/www.tier-umwelt-hilfe-brasilien.ch\/wp-content\/uploads\/2021\/09\/bocas-3-300x300.jpg 300w, https:\/\/www.tier-umwelt-hilfe-brasilien.ch\/wp-content\/uploads\/2021\/09\/bocas-3-150x150.jpg 150w, https:\/\/www.tier-umwelt-hilfe-brasilien.ch\/wp-content\/uploads\/2021\/09\/bocas-3-100x100.jpg 100w\" sizes=\"auto, (max-width: 720px) 100vw, 720px\" \/><\/figure>\n\n\n\n<figure class=\"wp-block-image size-large\"><img loading=\"lazy\" decoding=\"async\" width=\"684\" height=\"467\" data-id=\"241\" src=\"https:\/\/www.tier-umwelt-hilfe-brasilien.ch\/wp-content\/uploads\/2021\/11\/bocas-9.21-2.jpg\" alt=\"\" class=\"wp-image-241\" srcset=\"https:\/\/www.tier-umwelt-hilfe-brasilien.ch\/wp-content\/uploads\/2021\/11\/bocas-9.21-2.jpg 684w, https:\/\/www.tier-umwelt-hilfe-brasilien.ch\/wp-content\/uploads\/2021\/11\/bocas-9.21-2-300x205.jpg 300w\" sizes=\"auto, (max-width: 684px) 100vw, 684px\" \/><\/figure>\n<\/figure>\n\n\n\n<p>An Str\u00e4nden bringen wir Schilder an, damit die Leute Abfall nicht wegwerfen. Ziel ist, vermehrt mit Schulen und Kindern zu arbeiten, um sie f\u00fcr die Umwelt zu sensibilisieren. Neben den Malucos por Natureza arbeiten wir auch mit Greenpeace Jo\u00e3o Pessoa, Mares Sem Plastico, Meu Mundo mais Verde, Nosso Lugar em Gramame, Verde por Vida, Itamaraca Preservada und Coletivo Diqueline zusammen.<\/p>\n\n\n\n<figure class=\"wp-block-gallery has-nested-images columns-default is-cropped wp-block-gallery-3 is-layout-flex wp-block-gallery-is-layout-flex\">\n<figure class=\"wp-block-image size-large\"><img loading=\"lazy\" decoding=\"async\" width=\"900\" height=\"900\" data-id=\"152\" src=\"https:\/\/www.tier-umwelt-hilfe-brasilien.ch\/wp-content\/uploads\/2021\/09\/greenpeace-9.21-1.jpg\" alt=\"\" class=\"wp-image-152\" srcset=\"https:\/\/www.tier-umwelt-hilfe-brasilien.ch\/wp-content\/uploads\/2021\/09\/greenpeace-9.21-1.jpg 900w, https:\/\/www.tier-umwelt-hilfe-brasilien.ch\/wp-content\/uploads\/2021\/09\/greenpeace-9.21-1-300x300.jpg 300w, https:\/\/www.tier-umwelt-hilfe-brasilien.ch\/wp-content\/uploads\/2021\/09\/greenpeace-9.21-1-150x150.jpg 150w, https:\/\/www.tier-umwelt-hilfe-brasilien.ch\/wp-content\/uploads\/2021\/09\/greenpeace-9.21-1-768x768.jpg 768w, https:\/\/www.tier-umwelt-hilfe-brasilien.ch\/wp-content\/uploads\/2021\/09\/greenpeace-9.21-1-100x100.jpg 100w\" sizes=\"auto, (max-width: 706px) 89vw, (max-width: 767px) 82vw, 740px\" \/><\/figure>\n\n\n\n<figure class=\"wp-block-image size-large\"><img loading=\"lazy\" decoding=\"async\" width=\"900\" height=\"900\" data-id=\"153\" src=\"https:\/\/www.tier-umwelt-hilfe-brasilien.ch\/wp-content\/uploads\/2021\/09\/greenpeasce-9.21-2.jpg\" alt=\"\" class=\"wp-image-153\" srcset=\"https:\/\/www.tier-umwelt-hilfe-brasilien.ch\/wp-content\/uploads\/2021\/09\/greenpeasce-9.21-2.jpg 900w, https:\/\/www.tier-umwelt-hilfe-brasilien.ch\/wp-content\/uploads\/2021\/09\/greenpeasce-9.21-2-300x300.jpg 300w, https:\/\/www.tier-umwelt-hilfe-brasilien.ch\/wp-content\/uploads\/2021\/09\/greenpeasce-9.21-2-150x150.jpg 150w, https:\/\/www.tier-umwelt-hilfe-brasilien.ch\/wp-content\/uploads\/2021\/09\/greenpeasce-9.21-2-768x768.jpg 768w, https:\/\/www.tier-umwelt-hilfe-brasilien.ch\/wp-content\/uploads\/2021\/09\/greenpeasce-9.21-2-100x100.jpg 100w\" sizes=\"auto, (max-width: 706px) 89vw, (max-width: 767px) 82vw, 740px\" \/><\/figure>\n\n\n\n<figure class=\"wp-block-image size-large\"><img loading=\"lazy\" decoding=\"async\" width=\"717\" height=\"955\" data-id=\"257\" src=\"https:\/\/www.tier-umwelt-hilfe-brasilien.ch\/wp-content\/uploads\/2021\/11\/gp-11.21-3.jpg\" alt=\"\" class=\"wp-image-257\" srcset=\"https:\/\/www.tier-umwelt-hilfe-brasilien.ch\/wp-content\/uploads\/2021\/11\/gp-11.21-3.jpg 717w, https:\/\/www.tier-umwelt-hilfe-brasilien.ch\/wp-content\/uploads\/2021\/11\/gp-11.21-3-225x300.jpg 225w\" sizes=\"auto, (max-width: 717px) 100vw, 717px\" \/><\/figure>\n<\/figure>\n\n\n\n<p>Am 18.9.2021 organisierten wir eine Reinigung in einem Mangrovensumpf an der M\u00fcndung des Rios Gramame s\u00fcdlich von Jo\u00e3o Pessoa im Rahmen des weltweiten Reinigungstages. Es beteiligten sich Greenpeace Jo\u00e3o Pessoa und die Malucos por Natureza. Sehr positiv war die Unterst\u00fctzung der Anwohner. F\u00fcr uns soll es solche Aktionen nicht nur am Weltreinigungstag geben. Wir wollen den Rhythmus erh\u00f6hen.  Das taten wir im M\u00e4rz\/April 2022. Zusammen mit einer Gruppe von Tabajara-Indios reinigten wir den Mangrovensumpf erneut an zwei Daten.  <\/p>\n\n\n\n<p>Am 10.9.2022 sammelten wir an der Aktion am Weltreinigungstag 364 Kilos Abfall. Es beteiligten sich Tabajara-Indios, Mares sem Plasticos , ASPAMJA (Bewohner des Strandes von Jacarap\u00e9) und weitere Einzelpersonen. 2023 organisierten wir die Reinigung zusammen mit Greenpeace.<\/p>\n\n\n\n<p>Der Weltreinigungstag im September ist inzwischen ein Fixpunkt in unserem Kalender. Wir sammeln immer im Mangrovensumpf in Barra de Gramame. <\/p>\n\n\n\n<p><\/p>\n\n\n\n<figure class=\"wp-block-gallery has-nested-images columns-default is-cropped wp-block-gallery-4 is-layout-flex wp-block-gallery-is-layout-flex\">\n<figure class=\"wp-block-image size-large\"><img loading=\"lazy\" decoding=\"async\" width=\"900\" height=\"900\" data-id=\"238\" src=\"https:\/\/www.tier-umwelt-hilfe-brasilien.ch\/wp-content\/uploads\/2021\/11\/renascer-11.21-1.jpg\" alt=\"\" class=\"wp-image-238\" srcset=\"https:\/\/www.tier-umwelt-hilfe-brasilien.ch\/wp-content\/uploads\/2021\/11\/renascer-11.21-1.jpg 900w, https:\/\/www.tier-umwelt-hilfe-brasilien.ch\/wp-content\/uploads\/2021\/11\/renascer-11.21-1-300x300.jpg 300w, https:\/\/www.tier-umwelt-hilfe-brasilien.ch\/wp-content\/uploads\/2021\/11\/renascer-11.21-1-150x150.jpg 150w, https:\/\/www.tier-umwelt-hilfe-brasilien.ch\/wp-content\/uploads\/2021\/11\/renascer-11.21-1-768x768.jpg 768w, https:\/\/www.tier-umwelt-hilfe-brasilien.ch\/wp-content\/uploads\/2021\/11\/renascer-11.21-1-100x100.jpg 100w\" sizes=\"auto, (max-width: 706px) 89vw, (max-width: 767px) 82vw, 740px\" \/><\/figure>\n\n\n\n<figure class=\"wp-block-image size-large\"><img loading=\"lazy\" decoding=\"async\" width=\"900\" height=\"900\" data-id=\"239\" src=\"https:\/\/www.tier-umwelt-hilfe-brasilien.ch\/wp-content\/uploads\/2021\/11\/renascer-11.21-2.jpg\" alt=\"\" class=\"wp-image-239\" srcset=\"https:\/\/www.tier-umwelt-hilfe-brasilien.ch\/wp-content\/uploads\/2021\/11\/renascer-11.21-2.jpg 900w, https:\/\/www.tier-umwelt-hilfe-brasilien.ch\/wp-content\/uploads\/2021\/11\/renascer-11.21-2-300x300.jpg 300w, https:\/\/www.tier-umwelt-hilfe-brasilien.ch\/wp-content\/uploads\/2021\/11\/renascer-11.21-2-150x150.jpg 150w, https:\/\/www.tier-umwelt-hilfe-brasilien.ch\/wp-content\/uploads\/2021\/11\/renascer-11.21-2-768x768.jpg 768w, https:\/\/www.tier-umwelt-hilfe-brasilien.ch\/wp-content\/uploads\/2021\/11\/renascer-11.21-2-100x100.jpg 100w\" sizes=\"auto, (max-width: 706px) 89vw, (max-width: 767px) 82vw, 740px\" \/><\/figure>\n\n\n\n<figure class=\"wp-block-image size-large\"><img loading=\"lazy\" decoding=\"async\" width=\"900\" height=\"900\" data-id=\"240\" src=\"https:\/\/www.tier-umwelt-hilfe-brasilien.ch\/wp-content\/uploads\/2021\/11\/renascer-11.21-3.jpg\" alt=\"\" class=\"wp-image-240\" srcset=\"https:\/\/www.tier-umwelt-hilfe-brasilien.ch\/wp-content\/uploads\/2021\/11\/renascer-11.21-3.jpg 900w, https:\/\/www.tier-umwelt-hilfe-brasilien.ch\/wp-content\/uploads\/2021\/11\/renascer-11.21-3-300x300.jpg 300w, https:\/\/www.tier-umwelt-hilfe-brasilien.ch\/wp-content\/uploads\/2021\/11\/renascer-11.21-3-150x150.jpg 150w, https:\/\/www.tier-umwelt-hilfe-brasilien.ch\/wp-content\/uploads\/2021\/11\/renascer-11.21-3-768x768.jpg 768w, https:\/\/www.tier-umwelt-hilfe-brasilien.ch\/wp-content\/uploads\/2021\/11\/renascer-11.21-3-100x100.jpg 100w\" sizes=\"auto, (max-width: 706px) 89vw, (max-width: 767px) 82vw, 740px\" \/><\/figure>\n<\/figure>\n\n\n\n<p><\/p>\n\n\n\n<p>Im Quartier Renascer (Mangrovensumpf zwischen Jo\u00e3o Pessoa und Cabedelo) dachten die Anwohner so, das heisst es war nicht nur auf einen Tag limitiert. Monatlich sammelten etwa 20 Personen dort Abfall. Wir beteiligten uns drei Mal. Dort liegen Tonnen von Plastik, Sandalen, Glasflaschen und Isopor. &#8211; Leider schlief das dortige Projekt 2022 ein. Landbesetzer bebauten immer mehr Land dort. Unser Ziel war es, den Boden zu reinigen und wieder aufzuforsten &#8230;<\/p>\n\n\n\n<p>W\u00e4hrend wir uns am Anfang aufs Abfallsammeln an den Str\u00e4nden konzentrierten, vermeiden wir immer mehr, dass der Abfall \u00fcberhaupt dorthin kommt. Ein Beispiel daf\u00fcr ist das Vergittern der Schacht\u00f6ffnungen.  Wichtig ist uns auch die Prev\u00e4ntion. Vor allem via Kinder informieren wir, welche Sch\u00e4den Plastik der Umwelt bereitet.<\/p>\n\n\n\n<p>Mitte Juli 2023 liessen wir eine Sperre am Fluss Gramame s\u00fcdlich von Jo\u00e3o Pessoa installieren. Sie soll vermeiden, dass der Plastikabfall ins Meer fliesst. Wir zahlen Fischer, dass sie den Abfall entsorgen und die Sperre unterhalten. Im April 2024 kamen weitere Sperren an den Fl\u00fcssen Jaguaribe und Cuia in Jo\u00e3o Pessoa dazu. <\/p>\n\n\n\n<figure class=\"wp-block-image size-large\"><img loading=\"lazy\" decoding=\"async\" width=\"831\" height=\"1024\" src=\"https:\/\/www.tier-umwelt-hilfe-brasilien.ch\/wp-content\/uploads\/2024\/04\/ecobarreira-jagu-4.24-831x1024.png\" alt=\"\" class=\"wp-image-684\" srcset=\"https:\/\/www.tier-umwelt-hilfe-brasilien.ch\/wp-content\/uploads\/2024\/04\/ecobarreira-jagu-4.24-831x1024.png 831w, https:\/\/www.tier-umwelt-hilfe-brasilien.ch\/wp-content\/uploads\/2024\/04\/ecobarreira-jagu-4.24-244x300.png 244w, https:\/\/www.tier-umwelt-hilfe-brasilien.ch\/wp-content\/uploads\/2024\/04\/ecobarreira-jagu-4.24-768x946.png 768w, https:\/\/www.tier-umwelt-hilfe-brasilien.ch\/wp-content\/uploads\/2024\/04\/ecobarreira-jagu-4.24.png 901w\" sizes=\"auto, (max-width: 706px) 89vw, (max-width: 767px) 82vw, 740px\" \/><\/figure>\n\n\n\n<figure class=\"wp-block-image size-full\"><img loading=\"lazy\" decoding=\"async\" width=\"900\" height=\"900\" src=\"https:\/\/www.tier-umwelt-hilfe-brasilien.ch\/wp-content\/uploads\/2024\/04\/ecobarreira-cuia-4.24.jpg\" alt=\"\" class=\"wp-image-685\" srcset=\"https:\/\/www.tier-umwelt-hilfe-brasilien.ch\/wp-content\/uploads\/2024\/04\/ecobarreira-cuia-4.24.jpg 900w, https:\/\/www.tier-umwelt-hilfe-brasilien.ch\/wp-content\/uploads\/2024\/04\/ecobarreira-cuia-4.24-300x300.jpg 300w, https:\/\/www.tier-umwelt-hilfe-brasilien.ch\/wp-content\/uploads\/2024\/04\/ecobarreira-cuia-4.24-150x150.jpg 150w, https:\/\/www.tier-umwelt-hilfe-brasilien.ch\/wp-content\/uploads\/2024\/04\/ecobarreira-cuia-4.24-768x768.jpg 768w, https:\/\/www.tier-umwelt-hilfe-brasilien.ch\/wp-content\/uploads\/2024\/04\/ecobarreira-cuia-4.24-100x100.jpg 100w\" sizes=\"auto, (max-width: 706px) 89vw, (max-width: 767px) 82vw, 740px\" \/><\/figure>\n\n\n\n<p>Anfang 2023 finanzierten wir eine nat\u00fcrliche Abwasserreinigung (Wetland) bei der Fischersiedlung am Strand von Penha. Im ersten Quartal 2024 realisierten wir ein \u00e4hnliches solches Projekt bei 5 Bars am Strand von Jacarap\u00e9. Das Wasser floss vorher aus den Toiletten ungereinigt in den Mangrovensumpf und von dort ins Meer &#8230;<\/p>\n\n\n\n<figure class=\"wp-block-image size-full is-resized\"><img loading=\"lazy\" decoding=\"async\" width=\"963\" height=\"963\" src=\"https:\/\/www.tier-umwelt-hilfe-brasilien.ch\/wp-content\/uploads\/2024\/04\/wetland-4.24.jpg\" alt=\"\" class=\"wp-image-683\" style=\"width:674px;height:auto\" srcset=\"https:\/\/www.tier-umwelt-hilfe-brasilien.ch\/wp-content\/uploads\/2024\/04\/wetland-4.24.jpg 963w, https:\/\/www.tier-umwelt-hilfe-brasilien.ch\/wp-content\/uploads\/2024\/04\/wetland-4.24-300x300.jpg 300w, https:\/\/www.tier-umwelt-hilfe-brasilien.ch\/wp-content\/uploads\/2024\/04\/wetland-4.24-150x150.jpg 150w, https:\/\/www.tier-umwelt-hilfe-brasilien.ch\/wp-content\/uploads\/2024\/04\/wetland-4.24-768x768.jpg 768w, https:\/\/www.tier-umwelt-hilfe-brasilien.ch\/wp-content\/uploads\/2024\/04\/wetland-4.24-100x100.jpg 100w\" sizes=\"auto, (max-width: 706px) 89vw, (max-width: 767px) 82vw, 740px\" \/><\/figure>\n\n\n\n<figure class=\"wp-block-image size-large\"><img loading=\"lazy\" decoding=\"async\" width=\"962\" height=\"1024\" src=\"https:\/\/www.tier-umwelt-hilfe-brasilien.ch\/wp-content\/uploads\/2024\/04\/wetland-pesca-962x1024.png\" alt=\"\" class=\"wp-image-686\" srcset=\"https:\/\/www.tier-umwelt-hilfe-brasilien.ch\/wp-content\/uploads\/2024\/04\/wetland-pesca-962x1024.png 962w, https:\/\/www.tier-umwelt-hilfe-brasilien.ch\/wp-content\/uploads\/2024\/04\/wetland-pesca-282x300.png 282w, https:\/\/www.tier-umwelt-hilfe-brasilien.ch\/wp-content\/uploads\/2024\/04\/wetland-pesca-768x817.png 768w, https:\/\/www.tier-umwelt-hilfe-brasilien.ch\/wp-content\/uploads\/2024\/04\/wetland-pesca.png 1368w\" sizes=\"auto, (max-width: 706px) 89vw, (max-width: 767px) 82vw, 740px\" \/><\/figure>\n","protected":false},"excerpt":{"rendered":"<p>Die Abfallsituation an den Str\u00e4nden von Brasilien ist prek\u00e4r. 90 % des Abfalls stammt nicht von den Strandbesuchern, sondern aus dem Landesinnern. Dort werfen Leute M\u00fcll auf die Strasse oder die S\u00e4cke werden von Hunden, Pferden oder Menschen aufgerissen. Kommt Regen, nimmt das Wasser den Abfall mit. Via Kanalisation, B\u00e4che und Fl\u00fcsse gelangt er ins &hellip; <\/p>\n<p class=\"link-more\"><a href=\"https:\/\/www.tier-umwelt-hilfe-brasilien.ch\/index.php\/abfall-recycling\/\" class=\"more-link\"><span class=\"screen-reader-text\">\u201eAbfall \/ Recycling\u201c<\/span> weiterlesen<\/a><\/p>\n","protected":false},"author":1,"featured_media":0,"parent":0,"menu_order":0,"comment_status":"closed","ping_status":"closed","template":"","meta":{"footnotes":""},"class_list":["post-51","page","type-page","status-publish","hentry"],"jetpack_sharing_enabled":true,"_links":{"self":[{"href":"https:\/\/www.tier-umwelt-hilfe-brasilien.ch\/index.php\/wp-json\/wp\/v2\/pages\/51","targetHints":{"allow":["GET"]}}],"collection":[{"href":"https:\/\/www.tier-umwelt-hilfe-brasilien.ch\/index.php\/wp-json\/wp\/v2\/pages"}],"about":[{"href":"https:\/\/www.tier-umwelt-hilfe-brasilien.ch\/index.php\/wp-json\/wp\/v2\/types\/page"}],"author":[{"embeddable":true,"href":"https:\/\/www.tier-umwelt-hilfe-brasilien.ch\/index.php\/wp-json\/wp\/v2\/users\/1"}],"replies":[{"embeddable":true,"href":"https:\/\/www.tier-umwelt-hilfe-brasilien.ch\/index.php\/wp-json\/wp\/v2\/comments?post=51"}],"version-history":[{"count":39,"href":"https:\/\/www.tier-umwelt-hilfe-brasilien.ch\/index.php\/wp-json\/wp\/v2\/pages\/51\/revisions"}],"predecessor-version":[{"id":799,"href":"https:\/\/www.tier-umwelt-hilfe-brasilien.ch\/index.php\/wp-json\/wp\/v2\/pages\/51\/revisions\/799"}],"wp:attachment":[{"href":"https:\/\/www.tier-umwelt-hilfe-brasilien.ch\/index.php\/wp-json\/wp\/v2\/media?parent=51"}],"curies":[{"name":"wp","href":"https:\/\/api.w.org\/{rel}","templated":true}]}}