{"id":45,"date":"2021-09-03T10:10:28","date_gmt":"2021-09-03T10:10:28","guid":{"rendered":"https:\/\/www.tier-umwelt-hilfe-brasilien.ch\/?page_id=45"},"modified":"2026-04-01T20:17:26","modified_gmt":"2026-04-01T20:17:26","slug":"kastrationen","status":"publish","type":"page","link":"https:\/\/www.tier-umwelt-hilfe-brasilien.ch\/index.php\/kastrationen\/","title":{"rendered":"Kastrationen"},"content":{"rendered":"\n<p>Leider leben alleine in Jo\u00e3o Pessoa Tausende von Hunden und Katzen auf der Strasse. Viele wurden ausgesetzt und vermehren sich dann fast ins Unermessliche. Schon vor einigen Jahren begannen wir, in privatem Rahmen Katzen zu kastrieren. <\/p>\n\n\n\n<p>Mit der Gr\u00fcndung des Vereins er\u00f6ffneten sich neue M\u00f6glichkeiten. <strong>Pro Kastration einer Katze zahlen wir umgerechnet ca. CHF 15.-. <\/strong>Wir erhalten seit 2021 grosse Spenden f\u00fcr die Kastration von Katzen. Ab Februar 2022 kastrieren wir dank <strong>www.tierbotschafter.ch<\/strong> zus\u00e4tzlich 25 Katzen pro Monat. Seit Juli 2025 unterst\u00fctzt uns <strong>www.netap.ch<\/strong> mit zuert 50, dann 100 und seit M\u00e4rz 2026 130 Katzen monatlich.  <strong>Bis April 2026 operierten wir 5&#8217;600 Katzen 650 davon alleine im Berichtsjahr! <\/strong>Wir arbeiten in diesem Bereich mit den Auffangstationen von Danubia, Marcia und Socorro sowie der Tier\u00e4rztin Dr. Alick , Tierarzt Dr. Raul (Vida Pet Shop) und der Tierklinik Gato Preto (Dr. Andreas Vidal).<\/p>\n\n\n\n<figure class=\"wp-block-gallery has-nested-images columns-default is-cropped wp-block-gallery-1 is-layout-flex wp-block-gallery-is-layout-flex\">\n<figure class=\"wp-block-image size-large\"><img loading=\"lazy\" decoding=\"async\" width=\"800\" height=\"600\" data-id=\"102\" src=\"https:\/\/www.tier-umwelt-hilfe-brasilien.ch\/wp-content\/uploads\/2021\/09\/katzen-2.jpg\" alt=\"\" class=\"wp-image-102\" srcset=\"https:\/\/www.tier-umwelt-hilfe-brasilien.ch\/wp-content\/uploads\/2021\/09\/katzen-2.jpg 800w, https:\/\/www.tier-umwelt-hilfe-brasilien.ch\/wp-content\/uploads\/2021\/09\/katzen-2-300x225.jpg 300w, https:\/\/www.tier-umwelt-hilfe-brasilien.ch\/wp-content\/uploads\/2021\/09\/katzen-2-768x576.jpg 768w\" sizes=\"auto, (max-width: 706px) 89vw, (max-width: 767px) 82vw, 740px\" \/><\/figure>\n\n\n\n<figure class=\"wp-block-image size-large\"><img loading=\"lazy\" decoding=\"async\" width=\"800\" height=\"600\" data-id=\"101\" src=\"https:\/\/www.tier-umwelt-hilfe-brasilien.ch\/wp-content\/uploads\/2021\/09\/katzen-1.jpg\" alt=\"\" class=\"wp-image-101\" srcset=\"https:\/\/www.tier-umwelt-hilfe-brasilien.ch\/wp-content\/uploads\/2021\/09\/katzen-1.jpg 800w, https:\/\/www.tier-umwelt-hilfe-brasilien.ch\/wp-content\/uploads\/2021\/09\/katzen-1-300x225.jpg 300w, https:\/\/www.tier-umwelt-hilfe-brasilien.ch\/wp-content\/uploads\/2021\/09\/katzen-1-768x576.jpg 768w\" sizes=\"auto, (max-width: 706px) 89vw, (max-width: 767px) 82vw, 740px\" \/><\/figure>\n<\/figure>\n\n\n\n<p>Seit Ende 2020 erhalten wir gr\u00f6ssere zweckgebundene Spenden f\u00fcr die Kastration von H\u00fcndinnen. Wir arbeiten mit dem Abrigo da Michelle, der Tiersch\u00fctzerin Danubia und den Tierkliniken S\u00e3o Francisco (Dr. Lyndemarques) im Stadtteil Mangabeira und Vida Pet Shop (Dr. Raul) im Stadtteil Bancarios in Jo\u00e3o Pessoa zusammen. Bis jetzt konnten wir so <strong>\u00fcber 550 H\u00fcndinnen<\/strong> kastrieren (<strong>ca. CHF 70.-\/Operation<\/strong>) lassen, 55 alleine im Berichtsjahr. Michelle und Danubia arbeiten auch mit andern Auffangstationen zusammen.<\/p>\n\n\n\n<figure class=\"wp-block-gallery has-nested-images columns-default is-cropped wp-block-gallery-2 is-layout-flex wp-block-gallery-is-layout-flex\">\n<figure class=\"wp-block-image size-large\"><img loading=\"lazy\" decoding=\"async\" width=\"600\" height=\"800\" data-id=\"100\" src=\"https:\/\/www.tier-umwelt-hilfe-brasilien.ch\/wp-content\/uploads\/2021\/09\/hund-2.jpg\" alt=\"\" class=\"wp-image-100\" srcset=\"https:\/\/www.tier-umwelt-hilfe-brasilien.ch\/wp-content\/uploads\/2021\/09\/hund-2.jpg 600w, https:\/\/www.tier-umwelt-hilfe-brasilien.ch\/wp-content\/uploads\/2021\/09\/hund-2-225x300.jpg 225w\" sizes=\"auto, (max-width: 600px) 100vw, 600px\" \/><\/figure>\n\n\n\n<figure class=\"wp-block-image size-large\"><img loading=\"lazy\" decoding=\"async\" width=\"912\" height=\"684\" data-id=\"99\" src=\"https:\/\/www.tier-umwelt-hilfe-brasilien.ch\/wp-content\/uploads\/2021\/09\/hund-1.jpg\" alt=\"\" class=\"wp-image-99\" srcset=\"https:\/\/www.tier-umwelt-hilfe-brasilien.ch\/wp-content\/uploads\/2021\/09\/hund-1.jpg 912w, https:\/\/www.tier-umwelt-hilfe-brasilien.ch\/wp-content\/uploads\/2021\/09\/hund-1-300x225.jpg 300w, https:\/\/www.tier-umwelt-hilfe-brasilien.ch\/wp-content\/uploads\/2021\/09\/hund-1-768x576.jpg 768w\" sizes=\"auto, (max-width: 706px) 89vw, (max-width: 767px) 82vw, 740px\" \/><\/figure>\n<\/figure>\n\n\n\n<p>Obige H\u00fcndin fanden wir an einem Strand. Ihre Geb\u00e4rmutter hing raus, R\u00fcden hatten sie verletzt. Wir brachten sie in die Tierklinik und liessen sie auch kastrieren. Inzwischen hat sie jemand adoptiert.<\/p>\n\n\n\n<p>Vor sechs Jahren tr\u00e4umten wir nicht davon, dass das Projekt so erfolgreich wird. Trotzdem warten alleine hier in Jo\u00e3o Pessoa noch Tausende von H\u00fcndinnen und Katzen auf unsere Hilfe &#8230;<\/p>\n","protected":false},"excerpt":{"rendered":"<p>Leider leben alleine in Jo\u00e3o Pessoa Tausende von Hunden und Katzen auf der Strasse. Viele wurden ausgesetzt und vermehren sich dann fast ins Unermessliche. Schon vor einigen Jahren begannen wir, in privatem Rahmen Katzen zu kastrieren. Mit der Gr\u00fcndung des Vereins er\u00f6ffneten sich neue M\u00f6glichkeiten. Pro Kastration einer Katze zahlen wir umgerechnet ca. CHF 15.-. &hellip; <\/p>\n<p class=\"link-more\"><a href=\"https:\/\/www.tier-umwelt-hilfe-brasilien.ch\/index.php\/kastrationen\/\" class=\"more-link\"><span class=\"screen-reader-text\">\u201eKastrationen\u201c<\/span> weiterlesen<\/a><\/p>\n","protected":false},"author":1,"featured_media":0,"parent":0,"menu_order":0,"comment_status":"closed","ping_status":"closed","template":"","meta":{"footnotes":""},"class_list":["post-45","page","type-page","status-publish","hentry"],"jetpack_sharing_enabled":true,"_links":{"self":[{"href":"https:\/\/www.tier-umwelt-hilfe-brasilien.ch\/index.php\/wp-json\/wp\/v2\/pages\/45","targetHints":{"allow":["GET"]}}],"collection":[{"href":"https:\/\/www.tier-umwelt-hilfe-brasilien.ch\/index.php\/wp-json\/wp\/v2\/pages"}],"about":[{"href":"https:\/\/www.tier-umwelt-hilfe-brasilien.ch\/index.php\/wp-json\/wp\/v2\/types\/page"}],"author":[{"embeddable":true,"href":"https:\/\/www.tier-umwelt-hilfe-brasilien.ch\/index.php\/wp-json\/wp\/v2\/users\/1"}],"replies":[{"embeddable":true,"href":"https:\/\/www.tier-umwelt-hilfe-brasilien.ch\/index.php\/wp-json\/wp\/v2\/comments?post=45"}],"version-history":[{"count":56,"href":"https:\/\/www.tier-umwelt-hilfe-brasilien.ch\/index.php\/wp-json\/wp\/v2\/pages\/45\/revisions"}],"predecessor-version":[{"id":843,"href":"https:\/\/www.tier-umwelt-hilfe-brasilien.ch\/index.php\/wp-json\/wp\/v2\/pages\/45\/revisions\/843"}],"wp:attachment":[{"href":"https:\/\/www.tier-umwelt-hilfe-brasilien.ch\/index.php\/wp-json\/wp\/v2\/media?parent=45"}],"curies":[{"name":"wp","href":"https:\/\/api.w.org\/{rel}","templated":true}]}}