{"id":42,"date":"2021-09-03T10:08:19","date_gmt":"2021-09-03T10:08:19","guid":{"rendered":"https:\/\/www.tier-umwelt-hilfe-brasilien.ch\/?page_id=42"},"modified":"2025-09-27T22:09:06","modified_gmt":"2025-09-27T22:09:06","slug":"neuigkeiten","status":"publish","type":"page","link":"https:\/\/www.tier-umwelt-hilfe-brasilien.ch\/index.php\/neuigkeiten\/","title":{"rendered":"Neuigkeiten"},"content":{"rendered":"\n<p>27.09.2025; bei Dr. Raul liessen wir seit April 2025 schon 65 H\u00fcndinnen kastrieren. Endlich l\u00e4uft auch dieses Projekt so, wie wir es w\u00fcnschen. <\/p>\n\n\n\n<p>26.09.2025; wir erhielten die Zusicherung f\u00fcr die Fortf\u00fchrung des Korallenprojektes. <\/p>\n\n\n\n<p>24.09.2025; die Zusammenarbeit mit NetAp l\u00e4uft weiter. Wir d\u00fcrfen ab sofort 100 Katzen pro Monat kastrieren lassen. <\/p>\n\n\n\n<p>20.09.2025; ein weiteres Mal organisieren wir zum Weltreinigungstag eine Aktion in den Mangroven von Barra de Gramame. Zusammen mit Greenpeace und den Tabajaras sammeln wir 233 kg Abfall. <\/p>\n\n\n\n<p>20.07.2025; die Zusammenarbeit mit Dr. Raul tr\u00e4gt bereits Fr\u00fcchte: So liessen wir via ihn schon 15 H\u00fcndinnen kastrieren.<\/p>\n\n\n\n<p>10.07.2025; beim Projekt der Mangrovenaufforstung gab es einen Wechsel. Jos\u00e9, der w\u00e4hrend etwa 3 Jahren f\u00fcr uns t\u00e4tig war, h\u00f6rt aus gesundheitlichen Gr\u00fcnden auf. Ihn ersetzt Thiago, den wir seit Jahren kennen<\/p>\n\n\n\n<p>01.07.2025; die Stiftung NetAP unterst\u00fctzt uns vorerst w\u00e4hrend 3 Monaten mit der Kastration von monatlich 40 weiblichen Katzen und 10 Katern. <\/p>\n\n\n\n<p>20.05.2025; inzwischen liessen wir schon \u00fcber 4&#8217;000 Katzen kastrieren.<\/p>\n\n\n\n<p>12.04.2025; mit Dr. Raul und seiner Tierklinik haben wir einen weiteren Partner f\u00fcr die Kastration von H\u00fcndinnen und falls Bedarf auch bei Katzen. <\/p>\n\n\n\n<p>10.04.2025; endlich geht es los mit dem Pflanzen der Mangroven. Die Samen liegen in diesem Jahr sp\u00e4t an den Str\u00e4nden. <\/p>\n\n\n\n<p>15.03.2025; das Aufforstungsprojekt der Korallen l\u00e4uft langsam an. <\/p>\n\n\n\n<p>1.11.2024; bei der Rettung von verletzten Hunden und Katzen liegt hier noch vieles im Argen. Tiere m\u00fcssen oft tagelang leiden. Dank Gespr\u00e4chen mit G\u00f6nnern und Betroffenen (Tiersch\u00fctzerinnen, Tier\u00e4rzte) wollen wir das verbessern.<\/p>\n\n\n\n<p>20.10.2024; ddie Stiftung Tierbotschafter erh\u00f6ht die Anzahl Kastrationen auf 25 Katzen pro Monat.<\/p>\n\n\n\n<p>20.10.2024; mit der Meeresbiologin Karina Massei pflanzte ich Korallenfragmente bei den Piscinas Natureis von Seixas in Jo\u00e3o Pessoa. Noch befindet sich das Projekt im Anfangsstadium. Aber langsam geht es voran.<\/p>\n\n\n\n<p>16.10.2024; zurzeit l\u00e4uft unter dem Namen Hans Haller bei GoFundMe eine Fundraising-Aktion f\u00fcr die Kastration von Katzen. Weitere Spenden sind sehr willkommen www.gofundme.com.<\/p>\n\n\n\n<p>03.10.2024; unsere Mangroven wachsen sehr erfreulich. <\/p>\n\n\n\n<p>21.09.2024; zum vierten Mal organisierten wir am Weltreinigungstag eine Abfallsammelaktion in den Mangroven am Rio Gramame in Jo\u00e3o Pessoa. Greenpeace und Tabajara-Indios nahmen teil. Wir sammelten ungef\u00e4hr 220 kg Abfall. <\/p>\n\n\n\n<p>03.09.2024;eine gr\u00f6ssere Spende erm\u00f6glicht uns die Kastration von weiteren gut 300 Katzen!<\/p>\n\n\n\n<p>20.08.2024; das Aufforstungsprojekt f\u00fcr den Atlantikurwald l\u00e4uft noch nicht wie gew\u00fcnscht. Leider haben wir zu wenig Unterst\u00fctzung &#8230;<\/p>\n\n\n\n<p>30.06.2024; wir w\u00fcrden gerne mehr weibliche Katzen kastrieren lassen. Leider fehlen uns im Moment weitere zweckgebundene Spenden &#8230;<\/p>\n\n\n\n<p>24.06.2024; bei der Rettung verletzter Hunde und Katzen legen wir eine Pause ein. Wir sollten Kosten \u00fcbernehmen, die nicht mit dem Voranschlag \u00fcbereinstimmten. Wir hoffen, dass wir bald eine L\u00f6sung zum Wohle der Tiere finden. <\/p>\n\n\n\n<p>31.05.2024; die Samen der roten Mangroven lagen in diesem Jahr sp\u00e4ter am Strand als fr\u00fcher. So pflanzen wir immer noch. Bisher sind wir zufrieden.<\/p>\n\n\n\n<p>20.05.2024; dank einer zweckgebundenen Spende beteiligen wir uns am Korallen-Aufforstungsprojekt der Meeresbiologin Karina Massei beim Praia dos Seixas in Jo\u00e3o Pessoa.<\/p>\n\n\n\n<p>25.04.2024; am Rio Cuia im s\u00fcdlichen Teil von Jo\u00e3o Pessoa installieren wir eine weitere Flusssperre.<\/p>\n\n\n\n<p>24.04.2024; am 6.4. lernten wir das Korallenaufforstungsprojekt der Biologin Karina Massei kennen. Wir waren beeindruckt. Sie sandte uns einen Kostenvoranschlag f\u00fcr das ben\u00f6tigte Material, um das Projekt weiterzuf\u00fchren und auszudehnen. Dank einer zweckgebundenen Spende konnten wir den entsprechenden Betrag \u00fcberweisen.<\/p>\n\n\n\n<p>10.04.2024; mit den Tabajaras f\u00fchren wir die erste diesj\u00e4hrige Pflanzaktion f\u00fcr Atlantikurwald durch. Die rund 200 Setzlinge erhielten wir von der st\u00e4dtischen Baumschule in Igarassu, die wir vor einigen Jahren mitfinanziert hatten. <\/p>\n\n\n\n<p>01.04.2024; wir spannen die Flusssperre \u00fcber den Rio Jaguaribe, der durch die Stadt Jo\u00e3o Pessoa fliesst. Wir arbeiten hier mit dem Umweltamt zusammen, das eine entsprechende Tafel aufstellt. Damit wollen wir Vandalismus verhindern.<\/p>\n\n\n\n<p>01.03.2024; am Praia de Jacarap\u00e9 installieren wir ein Wasseraufbereitungssystem Wetland. Es kl\u00e4rt die Abw\u00e4sser von 5 Strandbars. Diese flossen vorher unges\u00e4ubert in den Mangrovensumpf.<\/p>\n\n\n\n<p>15.02.2024; langsam schwemmt es Samen der Mangroven an unseren Str\u00e4nden an. Wir machen weiter mit der Aufforstung der Mangroven an der M\u00fcndung des Rio Cuia. Zus\u00e4tzlich beginnen wir mit dem Aufforsten an der M\u00fcndung des Rio Gramame am s\u00fcdlichen Ende des Stadtgebietes von Jo\u00e3o Pessoa.<\/p>\n\n\n\n<p>25.01..2024; dank einer zweckgebundenen Spende unterst\u00fctzen wir das Mamatees-Projekt in Barra de Mamamguape. Die Verantwortlichen kaufen damit unter anderem Sender, damit sie die ausgewilderten Tiere beobachten k\u00f6nnen.<\/p>\n\n\n\n<p>10.01.2024; zum dritten Mal unterst\u00fctzen wir die Krabben w\u00e4hrend der Schonzeiten. Das heisst, wir verteilen Flyers an den Strandbars und machen die Betreiber auf die Paarungs- und Laichzeit der Krabben aufmerksam. <\/p>\n\n\n\n<p>20.12.2023; seit Juni 2023 liessen halfen wir 12 verletzten Hunden.<\/p>\n\n\n\n<p>10.12.2023; ein weiteres Abwasserreinigungssystem wird spruchreif: In den Mangrovensumpf bei Jacarap\u00e9 fliessen die Abw\u00e4sser von 5 Bars. Mit Professorin Cristina Crispim und den Anwohnern werden wir dort ein Wetland installieren. <\/p>\n\n\n\n<p>20.11.2023; in diesem Jahr zerst\u00f6rte der Fluss unsere Mangroven nicht. Er floss weiter s\u00fcdlich. Das heisst, unsere Pflanzen gedeihen pr\u00e4chtig.<\/p>\n\n\n\n<p>24.07.2023; endlich konnten wir weitere etwa 400 Pflanzen des Atlantikurwaldes mit den Tabajaras setzen. Diese Woche sollen weitere Aktionen folgen. Eigentlich h\u00e4tten alle Setzlinge bis April gepflanzt sein m\u00fcssen &#8230;<\/p>\n\n\n\n<p>20.07.2023; inzwischen liessen wir schon 4 verletzte Hunde und eine Katze behandeln. Das Projekt ist bisher ein Erfolg.<\/p>\n\n\n\n<p>15.07.2023; die Biologin Professor Cristina Crispim installierte am Fluss Gramame s\u00fcdlich von Jo\u00e3o Pessoa eine erste Abfallsperre aus PET-Flaschen. Wir regten das Projekt an und \u00fcbernehmen auch die Kosten f\u00fcr den Unterhalt (inkl. Abfallentsorgung).<\/p>\n\n\n\n<p>12.07.2023; Anfang Jahr liessen wir im Gebiet der Tabajaras von H\u00e4uptling Carlinhos 3 Hektaren Bambus roden. Diese haben die Eingeborenen inzwischen mit Atlantikurwald aufgeforstet. <\/p>\n\n\n\n<p>10.06.2023; ein junges K\u00e4tzchen brach sich bei einem Autounfall ein Bein. Wir liessen es untersuchen, r\u00f6ntgen und Ultraschall machen. Im Moment erholt sich das Tier. Sobald es etwa 6 Monate alt ist, lassen wir es kastrieren. <\/p>\n\n\n\n<p>07.06.2023; einem Hund bei dessen Vorderbein nur noch die Knochen zu sehen waren, finanzierten wir dank der erw\u00e4hnten Spende die Amputation des Beines. Ausserdem wird ihm ein Abzess am Hintern operiert. Auch lassen wir ihn kastrieren.<\/p>\n\n\n\n<p>24.05.2023; bisher konzentrierten wir uns bei den H\u00fcndinnen  und Katzen auf die Kastrationen. Bei meinem Besuch in Liechtenstein t\u00f6nte ich an, dass wir bei verletzten und kranken Tieren wegschauen m\u00fcssen. Wir durften ein entsprechendes Gesuch einreichen, das bewilligt wurde. <\/p>\n\n\n\n<p>20.05.2023; Jaqueline und Jos\u00e9 sind nach wie vor sehr motiviert und pflanzen jede Menge Mangrovensamen. Noch immer liegen Hunderte &#8218;Canetas&#8216; am Strand.  Hoffen wir, dass der Fluss sich nicht wieder nach Norden verschiebt und viele wegschwemmt.<\/p>\n\n\n\n<p>02.05.2023; w\u00e4hrend die andern Projekte rund laufen, kommen wir bei der Aufforstung des Atlantikurwaldes nicht wie geplant voran. Bisher fanden zwei Pflanzaktionen bei den Tabajaras statt. An einer nahmen auch Vertreter von GreenPeace teil. Einmal fehlte Diesel f\u00fcr den Traktor, jetzt ist die Batterie kaputt.  &#8211; Bis auf weiteres roden wir hier nicht. Zuerst m\u00fcssen die freien Fl\u00e4chen aufgeforstet werden!<\/p>\n\n\n\n<p>30.04.2023; in diesem Jahr liessen wir bereit 27 H\u00fcndinnen und 329 meist weibliche Katzen kastrieren. <\/p>\n\n\n\n<p>18.04.2023; im April lagen t\u00e4glich Hunderte von Mangroven-Samen am Strand. Hans, Jos\u00e9 und Jaqueline pflanzten unz\u00e4hlige. Bisher wachsen sie gut.<\/p>\n\n\n\n<p>25.03.2023; die Aufforstung der Mangroven nimmt Gestalt an. Bereits pflanzten wir \u00fcber 6&#8217;000 Samen. <\/p>\n\n\n\n<p>18.03.2023; Hans Haller holt in Barra de Gramame eine schwangere Katze ab. Sie wird in einem Tierheim geb\u00e4ren, nachher kastriert und mit ihren Jungen zur Adoption freigegeben. <\/p>\n\n\n\n<p>15.03.2023; am Strand von Barra de Gramame wird ein Mamatee-Baby angeschwemmt. Es kommt ins Aufzuchtszentrum auf der Insel Itamaraca. Hans Haller besucht das Kleine am 22.3. und ist erfreut \u00fcber die gute Entwicklung.<\/p>\n\n\n\n<p>20.02.2023; gute Nachrichten gibt es von den Mamatees (Seek\u00fchen): Mel, von der Hans Haller Pate ist, und die er vor einigen Jahren am Strand traf, gebar ein Junges. Das war in Cabedelo in Paraiba. Im Februar gebar mit Joana ein anderes ausgewildertes Tier in Alagoas ein Junges. <\/p>\n\n\n\n<p>15.02.2023; immer mehr Canetas (Mangrovensamen) liegen an den Str\u00e4nden. Wir sammeln diese und pflanzen sie vor allem an der M\u00fcndung des Rio Guia. Wir setzen sie allerdings etwas vom Flusslauf entfernt, wo sie gesch\u00fctzter sind. Bereits gibt es Tage, an denen wir \u00fcber 100 St\u00fcck finden.<\/p>\n\n\n\n<p>10.01.2023; auch 2023 werden wir H\u00fcndinnen und Katzen kastrieren. Im Moment sind 75 H\u00fcndinnen und 323 Katzen zugesichert.<\/p>\n\n\n\n<p>05.01.2023; vor einigen Monaten kauften wir f\u00fcr eine Gruppe Jugendlicher in Itamaraca das Material f\u00fcr eine Bachsperre, die verhindert, dass der Abfall ins Meer fliesst. Wir besuchten das Projekt und sind zufrieden. Wir warten darauf, dass hier und in andern St\u00e4dten weitere Sperren folgen.<\/p>\n\n\n\n<p>04.01.2023; wir besuchten das staatliche Seekuh-Aufzuchtszentrum in Itamaraca. Vier Jungtiere werden mit der Flasche ern\u00e4hrt. Der Leiter ben\u00f6tigt dringenst Sojamilch. Nach dem Regierungswechsel weiss er nicht, wie lange es dauert, bis er welche erh\u00e4lt. Dank einer zweckgebundenen Spende kaufen wir 200 kg Sojamilch.<\/p>\n\n\n\n<p>31.12.2022; 2022 liessen wir 1&#8217;430 weibliche Katzen und 101 H\u00fcndinnen kastrieren.<\/p>\n\n\n\n<p>20.11.2022; der Fluss Cuia kam wieder weiter n\u00f6rdlich zu unseren Mangrovensetzlingen. Leider wurden mehrere entwurzelt. Diejenigen, die wir fanden pflanzten wir um. Positiv ist, dass die Wurzeln schon sehr gross sind.<\/p>\n\n\n\n<p>11.11.2022; die Stadt Jo\u00e3o Pessoa f\u00fchrte zur Woche der Forschung und Technik eine Ausstellung durch. Das Umweltamt hatte auch einen Stand und lud befreundete Organisationen &#8211; darunter auch uns &#8211; ein, ihre Projekte vorzustellen. Wir luden auch H\u00e4uptling Ednaldo ein. Es gab interessante Kontakte.<\/p>\n\n\n\n<p>25.10.2022; wir nahmen an einer Strandreinigung vom Umweltamt Jo\u00e3o Pessoa teil. Wichtig war der Kontakt mit den Umwelt- und Schulbeh\u00f6rden. So regten wir an, Umweltunterricht in den Lehrplan aufzunehmen. Wir stiessen auf offene Ohren. Klappt es, k\u00f6nnen wir 2023 damit beginnen.<\/p>\n\n\n\n<p>24.10.2022; im 2022 liessen wir schon 72 H\u00fcndinnen kastrieren. Wir trafen uns mit unsern Partnern Dr. Lyndemarques (Tierarzt) und Michelle (Abrigo). Bis Ende Jahr lassen wir weitere 30 H\u00fcndinnen kastrieren.<\/p>\n\n\n\n<p>23.10.2022; mit Professorin Claudia Cunha und ihrem Mann fuhren wir nach Pindobal, eine Autostunde n\u00f6rdlich von Jo\u00e3o Pessoa. Unser Mitarbeiter Genetton prangert seit langem die Zust\u00e4nde dort an: Es wird gewildert und abgeholzt. Mit unserer Drohne machten wir Aufnahmen, die Genetton den zust\u00e4ndigen Beh\u00f6rden \u00fcbergeben wird. <\/p>\n\n\n\n<p>20.10.2022; mit Kindern des Centro Recrearte in Abreu e Lima fahren wir zum Porto do Jacoba am Rande eines Mangrovensumpfes. Wir platzieren Schilder und Abfalleimer, welche die Kinder in der Schreinerei gebastelt und bemalt haben. Anschliessend sammeln sie Abfall. Kinder sind unsere Zukunft.<\/p>\n\n\n\n<p>18.10.2022; die Kinder des Centro Educa\u00e7ional Hannes Mueller in Jo\u00e3o Pessoa reinigen erstmals Gassen ihres Quartiers. Ein Kind, das einmal Abfall gesammelt hat, wird nie mehr Abfall wegwerfen.<\/p>\n\n\n\n<p>30.09.2022; inzwischen liessen wir schon \u00fcber 2&#8217;000 weibliche Katzen kastrieren, 1&#8217;300 alleine im 2022.<\/p>\n\n\n\n<p>10.09.2022; wie im Vorjahr organisieren wir eine Mangrovenreinigung in Barra de Gramame. Neben Freunden aus Jo\u00e3o Pessoa beteiligen sich 5 Personen aus Jacarap\u00e9 und etwa 15 Tabajara-Indianer der D\u00f6rfer Vitoria und Gramame. Wir sammeln 365 kg Abfall.<\/p>\n\n\n\n<p>29.08.2022; alleine in den letzten sieben Wochen konnten wir \u00fcber 500 weibliche Katzen kastrieren lassen. Total sind es schon \u00fcber 1&#8217;400 (!). Wir handeln nach dem Motto: Eine Katze, die wir heute kastrieren, die wird morgen nicht mehr schwanger &#8230;<\/p>\n\n\n\n<p>27.08.2022; wir luden den Natursch\u00fctzer Felipe Melo Mereiles an den Strand von Jacarap\u00e9 ein. Wir zeigten ihm unser Aufforstungsprojekt mit den Mangroven. Er gab uns verschiedene Tipps und Anregungen. Wenn in einigen Wochen die n\u00e4chsten Samen abgestossen werden, k\u00f6nnen wir sie noch gezielter pflanzen. <\/p>\n\n\n\n<p>10.08.2022; wir nehmen in Barra de Mamamguape am Check-up der Seekuh (Mamati) Zelinha teil. Die 9 betreuten Seek\u00fche werden alle 6 Monate medizinisch gepr\u00fcft. An der Aktion nahmen 30 Personen mit 6 Booten teil. Wir fahren \u00fcberrascht, wie kompetent und professionell die Verantwortlichen arbeiteten. <\/p>\n\n\n\n<p>22.07.2022; inzwischen liessen wir schon \u00fcber 1&#8217;000 weibliche Katzen kastrieren. Danke @tierbotschafter.ch und allen andern Beteiligten. <\/p>\n\n\n\n<p>15.07.2022; zusammen mit Greenpeace, Genetton, Mares sem Plasticos, den Tabajara und der Funai pflanzen wir Setzlinge des Mata Atlantico im gerodeten Bambusgebiet in Conde PB. <\/p>\n\n\n\n<p>13.07.2022; mit Adriano weihten wir unsere Drohne ein. Er schoss erste Bilder und Videos von der Aufforstung der Mangroven. <\/p>\n\n\n\n<p>05.07.2022; dank einer zweckgebundenen Spende k\u00f6nnen wir weitere Katzen kastrieren lassen.<\/p>\n\n\n\n<p>26.06.2022; regelm\u00e4ssig schauen wir bei den Mangroven vorbei. Bis jetzt haben viele \u00fcberlebt. Einige sind bereits h\u00fcfthoch. Wir pflanzen laufend neue Setzlinge. <\/p>\n\n\n\n<p>23.06.2022; dank einer gr\u00f6sseren Spende konnten wir weitere 50 Katzen kastrieren.<\/p>\n\n\n\n<p>04.06.2022; Versammlung des Stiftungsrates der Hans Haller-Stiftung und Vorstand des Vereins mit anschliessendem Mittagessen.<\/p>\n\n\n\n<p>30.05.2022; ich durfte unsere Projekte per Powerpoint an der Oberstufe der Schule Buochs vorstellen. Kinder sind unsere Zukunft. In diesem Sinne bin ich gerne bereit, auch an andern Schulen zu referieren.<\/p>\n\n\n\n<p>07.05.2022; dank einer zweckgebundenen Spende k\u00f6nnen wir weitere 50 Katzen kastrieren lassen.<\/p>\n\n\n\n<p>07.05.2022; Treffen und Erfahrungsaustausch mit Barbara Trentini und Walter Epting von der Stiftung Ormella. Diese unterst\u00fctzt seit Beginn verschiedene unserer Projekte.<\/p>\n\n\n\n<p>30.4.2022; ich besuchte Brigitte Post von der Stiftung Tierbotschafter in Brugg. Diese Organisation finanziert seit Februar monatlich die Kastration von 20 Katzen. Das Projekt l\u00e4uft bis jetzt sehr gut. Die zust\u00e4ndige Tier\u00e4rztin Dr. Alick liefert uns zuverl\u00e4ssig die gew\u00fcnschten Rapporte.<\/p>\n\n\n\n<p>27.04.2022; inzwischen haben wir \u00fcber 5&#8217;000 Setzlinge und Canetas gepflanzt. Bisher wurden sie von Vandalen verschont. Im Moment verschiebt sich das Flussbett nach Norden, das heisst zu den Setzlingen. Wir hoffen, dass das Wasser nicht einen Grossteil mitreissst.<\/p>\n\n\n\n<p>31.03.2022; an der M\u00fcndung des Flusses Cuia, s\u00fcdlich vom Strand von Jacarap\u00e9 pflanzten wir im M\u00e4rz neben den 400 erw\u00e4hnten Mangrovensetzlinge \u00fcber 2&#8217;600 sogenannte Canetas (Mangrovensamen). Bisher kommen sie gut. Vandalen rissen nur einige wenige aus. Praktisch zum Nulltarif leisten wir einen bedeutenden Beitrag zur Aufforstung.<\/p>\n\n\n\n<p>28.03.2022; Dr. Alick kastrierte die letzten der 20 bewilligten Katzen f\u00fcr den M\u00e4rz.<\/p>\n\n\n\n<p>19.03.2022; heute organisierten wir eine Reinigung im Mangrovensumpf an der M\u00fcndung des Flusses Gramame s\u00fcdlich von Jo\u00e3o Pessoa. Besonders erfreulich war, dass sich eine Gruppe von etwa 12 Tabajara-Indios beteiligte. Sie leben in der N\u00e4he.<\/p>\n\n\n\n<p>15.03.2022; ein Trax begann mit der Rodung von 5 Hektaren einer Bambusplantage im Gebiet der Tabajara-Indios. Zusammen mit ihnen werden wir das Grundst\u00fcck mit Atlantikurwald aufforsten.<\/p>\n\n\n\n<p>12.03.2022; heute beteiligten wir uns an einer Aktion f\u00fcr saubere Fl\u00fcsse des Ministeriums f\u00fcr Umweltschutz im Zentrum von Jo\u00e3o Pessoa. Wir konnten bestehende Kontakte pflegen und neue kn\u00fcpfen.<\/p>\n\n\n\n<p>01.03.2022; Jarmesson brachte aus Abreu e Lima weitere 400 Mangrovensetzlinge. Diese pflanzten wir in der M\u00fcndung des Flusses Cuia s\u00fcdlich vom Praia de Jacarap\u00e9 . Wir werden weiter in Mangroven investieren.<\/p>\n\n\n\n<p>26.02.2022; die ersten 20 Katzen der neuen Partnerschaft liessen wir heute kastrieren. Alles klappte gut. <\/p>\n\n\n\n<p>18.02.2022; die Stiftung  Tierbotschafter aus der Schweiz unterst\u00fctzt uns bei den Kastrationen. So k\u00f6nnen wir monatlich 20 weibliche Katzen operieren lassen.<\/p>\n\n\n\n<p>16.02.2022; bei den Tabajaras lassen wir 5 Hektaren Bambus roden und mit Atlantikurwald aufforsten. Ziel f\u00fcr 2022 sind 10 Hektaren. Die H\u00e4lfte haben wir schon erreicht.<\/p>\n\n\n\n<p>23.01.2022; beim Krabbenprojekt feiern wir kleine Erfolge. Vor zwei Wochen sandte uns die Umweltpolizei ein Video mit Krabben, die sie befreien konnten. Am gleichen Tag sah ich am Strand von Jacarape 4 M\u00e4nner mit Eimern und S\u00e4cken voller Krebse. Aufgrund meiner Benachrichtigung konnte sie die Umweltpolizei festnehmen. Gestern sandte Cristina Videos. Sie sah einen Mann, der in einem unserer Abfallk\u00fcbel Krebse mitnehmen wollte. Auch sie informierte die Polizei. Der Wilderer hatte Gl\u00fcck, dass er nicht von den Restaurantbesuchern zusammen geschlagen wurde. <\/p>\n\n\n\n<p>12.02.2022; Jarmesson vergitterte mit einem Maurer 8 Abwassersch\u00e4chte in Abreu e Lima zu minimalen Kosten. Er wird die Aktion fortf\u00fchren.<\/p>\n\n\n\n<p>14.01.2022; mit Freunden aus der Schweiz besuchten wir die Tabajaras. Das Aufforstungsprojekt l\u00e4uft. Es braucht Zeit, aber es geht etwas. Genetton zieht in Pindobal Setzlinge, die Baumschule in Igarassu entwickelt sich erfreulich. Im Moment sind wir zufrieden.<\/p>\n\n\n\n<p>08.01.2022; das restliche Geld der Spende f\u00fcr das Delphinprojekt k\u00f6nnen wir nach R\u00fccksprache mit der Spenderstiftung f\u00fcr die Kastration von  50 Katzen einsetzen. <\/p>\n\n\n\n<p>05.01.2022; wir begannen mit der Kastration von weiteren 75 H\u00fcndinnen.<\/p>\n\n\n\n<p>30.12.2021; auch aus Igarassu erhalten wir erste Fotos von Kanalisationsabdeckungen.<\/p>\n\n\n\n<p>28.12.2021; im Quartier Renascer nahmen wir an einer weiteren Reinigung im Mangrovensumpf teil. Die Natur dort erholt sich. Die Abfallmenge war viel kleiner als fr\u00fcher. Bereits wachsen wieder B\u00e4ume und Str\u00e4ucher, am Boden sieht man Krabben.<\/p>\n\n\n\n<p>27.12.2021; in Itapissuma sind die ersten 5 Kanalisationsabdeckungen installiert. Jetzt geht es darum, dass das Bauamt die Aktion weiterf\u00fchrt. Auch Igarassu zeigt sich interessiert.<\/p>\n\n\n\n<p>15.12.2021; das Projekt mit den Delphinen stoppten wir nach R\u00fccksprache mit der Spenderstiftung in der Schweiz. Leider ist es zu wenig fundiert.<\/p>\n\n\n\n<p>10.12.2021; die \u00dcberwachung der Krabben am Strand von Jacarap\u00e9 begann. <\/p>\n\n\n\n<p>30.11.2021; im Mai erhielten wir eine zweckgebundene Spende \u00fcber Fr. 10&#8217;000.-. Damit konnten wir 602 Katzen kastrieren. Diese Aktion haben wir jetzt abgeschlossen. Wir hoffen, dass wir bald weitermachen k\u00f6nnen, warten doch noch unz\u00e4hlige Tiere auf eine Kastration. Unser Team ist inzwischen eingespielt.<\/p>\n\n\n\n<p>8.11.2021; mit der Kastration der H\u00fcndinnen k\u00f6nnen wir fortfahren. Die gleiche Stiftung wie letztes Jahr unterst\u00fctzte uns erneut mit einer grossen Spende. Diese erm\u00f6glicht uns, weitere 75 H\u00fcndinnen kastrieren zu lassen.<\/p>\n\n\n\n<p>05.11.2021; nach einem Jahr im Aquario Paraiba konnten wir endlich mit Bewilligung und im Beisein der Beh\u00f6rden die kleine, gr\u00fcne Meeresschildkr\u00f6te freilassen. Im November 2020 wog sie 600 Gramm, jetzt waren es 1,710 kg!<\/p>\n\n\n\n<p>30.10.2021; bisher konnten wir die Kastration von 530 Katzen finanzieren. <\/p>\n\n\n\n<p>30.10.2021; innerhalb eines Jahres liessen wir 100 H\u00fcndinnen kastrieren. Dies war m\u00f6glich, dank zwei zweckgebundenen Spenden. So bald wir weitere Unterst\u00fctzung erhalten, k\u00f6nnen wir die Aktion fortf\u00fchren.<\/p>\n\n\n\n<p>26.10.2021; erneut beteiligten wir uns an einer Reinigungsaktion im Quartier Renascer. Interessant waren die Kontakte, die wir kn\u00fcpfen konnten. In zwei Wochen wollen wir langsam mit dem Aufforsten vor allem von Mangroven beginnen. <\/p>\n\n\n\n<p>22.10.2021; diese Woche liessen wir via Meire\/Danubia 35 Katzen kastrieren.<\/p>\n\n\n\n<p>15.10.2021; diese Woche liessen wir via Meire\/Danubia 30 Katzen kastrieren.<\/p>\n\n\n\n<p>14.10.2021; der Verein Mamiferos Aquaticos de Pipa (Schutz von Delphinen) sandte uns ein Projekt. Dank einer zweckgebundenen Spende beteiligen wir uns daran.<\/p>\n\n\n\n<p>10.10.2021; Dr. Alick und ihre Equipe kastrieren weitere 20 Katzen!<\/p>\n\n\n\n<p>06.10.2021; mit dem ASPAMJA (Fischer- und Anwohnerverein des Strandes von Jacarap\u00e9 im S\u00fcden von Jo\u00e3o Pessoa) sch\u00fctzen wir von vom Aussterben bedrohte Krebsarten an zwei Flussm\u00fcndungen. Eine zweckgebundene Spende erm\u00f6glicht das Projekt. Umweltpolizei und Umweltbeh\u00f6rder unterst\u00fctzen uns. <\/p>\n\n\n\n<p>30.09.2021; wir beteiligten uns an einer Reinigung im Quartier Renascer in Cabedelo an der Grenze zu Jo\u00e3o Pessoa. Obwohl wir \u00fcber 1&#8217;000 Kilos Abfall sammelten, hat es noch jede Menge dort.<\/p>\n\n\n\n<p>25.09.2021; wir beteiligten uns an einer Reinigung des Rio Jacarape im S\u00fcden von Jo\u00e3o Pessoa und sammelten \u00fcber 1&#8217;000 Kilos Abfall.<\/p>\n\n\n\n<p>18.09.2021; wir organisierten zusammen mit Greenpeace Jo\u00e3o Pessoa eine Reinigung im Mangrovensumpf in Barra de Gramame.<\/p>\n\n\n\n<p>15.09.2021; wir trafen uns mit den Biologinnen Luana und Aline von der Associa\u00e7\u00e3o Mamiferos Aquaticos de Pipa (AMAP). In der Umgebung von Pipa RN leben rund 100 Delphine. Sie sensibilisieren Anwohner, Fischer und Touristen f\u00fcr die Meeress\u00e4uger. Der Verein ist auf Hilfe angewiesen. Wir werden abkl\u00e4ren, ob und wie wir helfen k\u00f6nnen.<\/p>\n\n\n\n<p>13.09.2021; diese Woche werden wir 26 Katzen kastrieren lassen.<\/p>\n\n\n\n<p>09.09.2021; mit Kindern des Zentrums Recrearte platzieren wir Abfallschilder am &#8218;Fischerhafen&#8216; Jatoba in Abreu e Lima.<\/p>\n\n\n\n<p>03.09.2021; Beni Grenacher hat uns diese Webseite kostenlos aufgesetzt. Vielen Dank!<\/p>\n\n\n\n<p><\/p>\n","protected":false},"excerpt":{"rendered":"<p>27.09.2025; bei Dr. Raul liessen wir seit April 2025 schon 65 H\u00fcndinnen kastrieren. Endlich l\u00e4uft auch dieses Projekt so, wie wir es w\u00fcnschen. 26.09.2025; wir erhielten die Zusicherung f\u00fcr die Fortf\u00fchrung des Korallenprojektes. 24.09.2025; die Zusammenarbeit mit NetAp l\u00e4uft weiter. Wir d\u00fcrfen ab sofort 100 Katzen pro Monat kastrieren lassen. 20.09.2025; ein weiteres Mal organisieren &hellip; <\/p>\n<p class=\"link-more\"><a href=\"https:\/\/www.tier-umwelt-hilfe-brasilien.ch\/index.php\/neuigkeiten\/\" class=\"more-link\"><span class=\"screen-reader-text\">\u201eNeuigkeiten\u201c<\/span> weiterlesen<\/a><\/p>\n","protected":false},"author":1,"featured_media":0,"parent":0,"menu_order":0,"comment_status":"closed","ping_status":"closed","template":"","meta":{"footnotes":""},"class_list":["post-42","page","type-page","status-publish","hentry"],"jetpack_sharing_enabled":true,"_links":{"self":[{"href":"https:\/\/www.tier-umwelt-hilfe-brasilien.ch\/index.php\/wp-json\/wp\/v2\/pages\/42","targetHints":{"allow":["GET"]}}],"collection":[{"href":"https:\/\/www.tier-umwelt-hilfe-brasilien.ch\/index.php\/wp-json\/wp\/v2\/pages"}],"about":[{"href":"https:\/\/www.tier-umwelt-hilfe-brasilien.ch\/index.php\/wp-json\/wp\/v2\/types\/page"}],"author":[{"embeddable":true,"href":"https:\/\/www.tier-umwelt-hilfe-brasilien.ch\/index.php\/wp-json\/wp\/v2\/users\/1"}],"replies":[{"embeddable":true,"href":"https:\/\/www.tier-umwelt-hilfe-brasilien.ch\/index.php\/wp-json\/wp\/v2\/comments?post=42"}],"version-history":[{"count":75,"href":"https:\/\/www.tier-umwelt-hilfe-brasilien.ch\/index.php\/wp-json\/wp\/v2\/pages\/42\/revisions"}],"predecessor-version":[{"id":814,"href":"https:\/\/www.tier-umwelt-hilfe-brasilien.ch\/index.php\/wp-json\/wp\/v2\/pages\/42\/revisions\/814"}],"wp:attachment":[{"href":"https:\/\/www.tier-umwelt-hilfe-brasilien.ch\/index.php\/wp-json\/wp\/v2\/media?parent=42"}],"curies":[{"name":"wp","href":"https:\/\/api.w.org\/{rel}","templated":true}]}}