{"id":391,"date":"2022-05-12T05:36:23","date_gmt":"2022-05-12T05:36:23","guid":{"rendered":"https:\/\/www.tier-umwelt-hilfe-brasilien.ch\/?page_id=391"},"modified":"2026-04-01T20:09:00","modified_gmt":"2026-04-01T20:09:00","slug":"verein-hilfe-fuer-tiere-und-umwelt-in-brasilien-associacao-salve-o-meio-ambiente","status":"publish","type":"page","link":"https:\/\/www.tier-umwelt-hilfe-brasilien.ch\/","title":{"rendered":"Verein Hilfe f\u00fcr Tiere und Umwelt in Brasilien (Associa\u00e7\u00e3o Salve o Meio Ambiente)"},"content":{"rendered":"\n<p>Am 7.8.2020 gr\u00fcndeten Hans Haller (Pr\u00e4sident), Cristiano Finale (Vize-Pr\u00e4sident), Denise Guldimann (Sekretariat) und Daniel Brenken (Beisitzer) obigen Verein. <strong>Er ist steuerbefreit (Verf\u00fcgung Steueramt des Kantons Aargau vom 4.6.2021). Das heisst, G\u00f6nner k\u00f6nnen ihre Spenden von den Steuern absetzen.<\/strong><\/p>\n\n\n\n<p>Seit 1992 engagiert sich die Hans Haller-Stiftung (www.haller-stiftung.ch) f\u00fcr die Armen im Nordosten Brasiliens. Zu den Projekten geh\u00f6ren Familienplanung, Platzierung von Waisen- und ausgestossenen Kindern bei brasilianischen Ersatzm\u00fcttern, Kinderhilfe, usw. Eine Statutenerg\u00e4nzung der Stiftung war 2020 nicht m\u00f6glich. Deshalb gliederten wir den Tier- und Umweltschutz in einen Verein aus. <\/p>\n\n\n\n<p>Seit 2014 verbringt Hans Haller einen Teil seiner Zeit in Brasilien, seit 2016 in Jo\u00e3o Pessoa im Bundesstaat Paraiba. Er sensibilisierte sich immer mehr mit Umweltproblemen (Abfall, Abholzung) aber auch mit den Tieren (Strassenkatzen und -hunde, Bienen, verletzte Meeresbewohner). In kleinem Rahmen, mit zweckgebundenen Spenden, Eigenmitteln und Unterst\u00fctzung von Freunden leistete er punktuelle Hilfe.<\/p>\n\n\n\n<figure class=\"wp-block-gallery has-nested-images columns-default is-cropped wp-block-gallery-1 is-layout-flex wp-block-gallery-is-layout-flex\">\n<figure class=\"wp-block-image size-large\"><img loading=\"lazy\" decoding=\"async\" width=\"768\" height=\"1024\" data-id=\"717\" src=\"https:\/\/www.tier-umwelt-hilfe-brasilien.ch\/wp-content\/uploads\/2024\/07\/kastration-5.24-768x1024.jpg\" alt=\"\" class=\"wp-image-717\" srcset=\"https:\/\/www.tier-umwelt-hilfe-brasilien.ch\/wp-content\/uploads\/2024\/07\/kastration-5.24-768x1024.jpg 768w, https:\/\/www.tier-umwelt-hilfe-brasilien.ch\/wp-content\/uploads\/2024\/07\/kastration-5.24-225x300.jpg 225w, https:\/\/www.tier-umwelt-hilfe-brasilien.ch\/wp-content\/uploads\/2024\/07\/kastration-5.24.jpg 960w\" sizes=\"auto, (max-width: 706px) 89vw, (max-width: 767px) 82vw, 740px\" \/><\/figure>\n<\/figure>\n\n\n\n<p>Im Bereich des Tierschutzes finanziert der Verein die Kastration herrenloser Katzen und Hunde. Bereits konnten wir 550 H\u00fcndinnen und 5&#8217;600 Katzen kastrieren lassen. Wir retteten bereits \u00fcber 70 kranke und verletzte Hunde auf der Strasse oder am Strand. Mit dem privaten Aquario Paraiba und der Funda\u00e7\u00e3o Mamiferos Aquaticos (Manatees\/Seek\u00fche) hilft er bei der Pflege verletzter Meeresbewohner.<\/p>\n\n\n\n<figure class=\"wp-block-image size-large is-resized\"><img loading=\"lazy\" decoding=\"async\" width=\"1024\" height=\"758\" src=\"https:\/\/www.tier-umwelt-hilfe-brasilien.ch\/wp-content\/uploads\/2024\/11\/mamatee-1.23-2-1024x758.jpg\" alt=\"\" class=\"wp-image-750\" style=\"width:508px;height:auto\" srcset=\"https:\/\/www.tier-umwelt-hilfe-brasilien.ch\/wp-content\/uploads\/2024\/11\/mamatee-1.23-2-1024x758.jpg 1024w, https:\/\/www.tier-umwelt-hilfe-brasilien.ch\/wp-content\/uploads\/2024\/11\/mamatee-1.23-2-300x222.jpg 300w, https:\/\/www.tier-umwelt-hilfe-brasilien.ch\/wp-content\/uploads\/2024\/11\/mamatee-1.23-2-768x568.jpg 768w, https:\/\/www.tier-umwelt-hilfe-brasilien.ch\/wp-content\/uploads\/2024\/11\/mamatee-1.23-2.jpg 1151w\" sizes=\"auto, (max-width: 706px) 89vw, (max-width: 767px) 82vw, 740px\" \/><\/figure>\n\n\n\n<p>Dank einer zweckgebundenen Spende konnten wir bereits 74 verletzten oder kranken Hunden und Katzen helfen. Einige mussten wir einschl\u00e4fern lassen oder sie \u00fcberlebten nicht. Immerhin hatte ihr Leiden ein Ende.<\/p>\n\n\n\n<p>Seit Mai 2024 beteiligen wir uns an einem Korallenaufforstungsprojekt in Jo\u00e3o Pessoa, das von der Meeresbiologin Karina Massei geleitet wird.<\/p>\n\n\n\n<p>Beim Umweltschutz setzen wir Priorit\u00e4ten beim Kampf gegen die Verschmutzung (Strand- und Uferreinigung) sowie Aufforsten des Atlantikurwaldes (Zusammenarbeit mit den Tabajara-Indios in Conde PB) und von Mangroven. Im Gebiet der Tabajara rodeten wir 14 Hektaren einer nicht mehr genutzten Bambusplantage und forsten sie jetzt mit Setzlingen des Atlantikurwaldes auf. An der M\u00fcndung des Flusses Cuia in Jo\u00e3o Pessoa pflanzten wir seit Anfang 2022 \u00fcber 35&#8217;000 Mangrovensetzlinge. Die h\u00f6chsten Mangroven sind inzwischen schon 5 Meter hoch. 2024 begannen wir mit dem Pflanzen von Mangrovensamen an der M\u00fcndung des Flusses Gramame. Leider schwemmte die Flut diese weg &#8230;<\/p>\n\n\n\n<figure class=\"wp-block-image size-large\"><img loading=\"lazy\" decoding=\"async\" width=\"1024\" height=\"1024\" src=\"https:\/\/www.tier-umwelt-hilfe-brasilien.ch\/wp-content\/uploads\/2024\/02\/mangroven-12.23-1024x1024.jpg\" alt=\"\" class=\"wp-image-651\" srcset=\"https:\/\/www.tier-umwelt-hilfe-brasilien.ch\/wp-content\/uploads\/2024\/02\/mangroven-12.23-1024x1024.jpg 1024w, https:\/\/www.tier-umwelt-hilfe-brasilien.ch\/wp-content\/uploads\/2024\/02\/mangroven-12.23-300x300.jpg 300w, https:\/\/www.tier-umwelt-hilfe-brasilien.ch\/wp-content\/uploads\/2024\/02\/mangroven-12.23-150x150.jpg 150w, https:\/\/www.tier-umwelt-hilfe-brasilien.ch\/wp-content\/uploads\/2024\/02\/mangroven-12.23-768x768.jpg 768w, https:\/\/www.tier-umwelt-hilfe-brasilien.ch\/wp-content\/uploads\/2024\/02\/mangroven-12.23-100x100.jpg 100w, https:\/\/www.tier-umwelt-hilfe-brasilien.ch\/wp-content\/uploads\/2024\/02\/mangroven-12.23.jpg 1440w\" sizes=\"auto, (max-width: 706px) 89vw, (max-width: 767px) 82vw, 740px\" \/><\/figure>\n\n\n\n<p>Beim Kampf gegen die Verschmutzung beginnen wir mit der Pr\u00e4vention. So reinigen Sch\u00fcler von uns unterst\u00fctzter Projekte ihr Quartier. Mares sem Plastico unterrichtet kleinere Kinder \u00fcber die Problematik des Abfalls. Wir finanzierten schon die Vergitterung von \u00fcber 150 Abflussl\u00f6chern an Gehsteigen in Paraiba und Pernambuco. Ausserdem organisieren und nehmen wir an Reinigungsaktionen an Str\u00e4nden, Flussufern und in Mangrovens\u00fcmpfen teil. <\/p>\n\n\n\n<p>Im Juli 2023 installierten wir eine Bachsperre aus PET-Flaschen am Fluss Gramame s\u00fcdlich von Jo\u00e3o Pessoa. Wir zahlen Fischer, dass sie den Abfall entsorgen und die Sperre unterhalten. Weitere Bachsperren installierten wir im April 2024 an den Fl\u00fcssen Jaguaribe und Cuia in Jo\u00e3o Pessoa. Im Dezember 2024 kam eine weitere Bachsperre an der M\u00fcndung der Flusses Cuia dazu. Unsere Partnerin ist die Biologin und Uni-Professorin Cristina Crispim. Leider funktionierten die Flusssperren nicht wie geplant. <\/p>\n\n\n\n<figure class=\"wp-block-image size-large is-resized\"><img loading=\"lazy\" decoding=\"async\" width=\"831\" height=\"1024\" src=\"https:\/\/www.tier-umwelt-hilfe-brasilien.ch\/wp-content\/uploads\/2024\/11\/ecobarreira-jagu-4.24-831x1024.png\" alt=\"\" class=\"wp-image-751\" style=\"width:444px;height:auto\" srcset=\"https:\/\/www.tier-umwelt-hilfe-brasilien.ch\/wp-content\/uploads\/2024\/11\/ecobarreira-jagu-4.24-831x1024.png 831w, https:\/\/www.tier-umwelt-hilfe-brasilien.ch\/wp-content\/uploads\/2024\/11\/ecobarreira-jagu-4.24-244x300.png 244w, https:\/\/www.tier-umwelt-hilfe-brasilien.ch\/wp-content\/uploads\/2024\/11\/ecobarreira-jagu-4.24-768x946.png 768w, https:\/\/www.tier-umwelt-hilfe-brasilien.ch\/wp-content\/uploads\/2024\/11\/ecobarreira-jagu-4.24.png 901w\" sizes=\"auto, (max-width: 706px) 89vw, (max-width: 767px) 82vw, 740px\" \/><\/figure>\n\n\n\n<p>Ende 2022 realisierten wir mit Professorin Cristina Crispim eine Wasseraufbereitungsanlage WETLAND bei der Fischersiedlung in Penha. Anfang 2024 installierten wir ein WETLAND f\u00fcr 5 Bars an der M\u00fcndung des Rio Jacarap\u00e9. Bauarbeiten zerst\u00f6rten die Anlage bei der Fischersiedlung Ende 2025 &#8230;<\/p>\n\n\n\n<figure class=\"wp-block-image size-large is-resized\"><img loading=\"lazy\" decoding=\"async\" width=\"962\" height=\"1024\" src=\"https:\/\/www.tier-umwelt-hilfe-brasilien.ch\/wp-content\/uploads\/2024\/04\/wetland-pesca-962x1024.png\" alt=\"\" class=\"wp-image-686\" style=\"width:381px;height:auto\" srcset=\"https:\/\/www.tier-umwelt-hilfe-brasilien.ch\/wp-content\/uploads\/2024\/04\/wetland-pesca-962x1024.png 962w, https:\/\/www.tier-umwelt-hilfe-brasilien.ch\/wp-content\/uploads\/2024\/04\/wetland-pesca-282x300.png 282w, https:\/\/www.tier-umwelt-hilfe-brasilien.ch\/wp-content\/uploads\/2024\/04\/wetland-pesca-768x817.png 768w, https:\/\/www.tier-umwelt-hilfe-brasilien.ch\/wp-content\/uploads\/2024\/04\/wetland-pesca.png 1368w\" sizes=\"auto, (max-width: 706px) 89vw, (max-width: 767px) 82vw, 740px\" \/><\/figure>\n\n\n\n<p><strong>Stand: <\/strong>02.04.2026<\/p>\n\n\n\n<p><\/p>\n\n\n\n<p><\/p>\n","protected":false},"excerpt":{"rendered":"<p>Am 7.8.2020 gr\u00fcndeten Hans Haller (Pr\u00e4sident), Cristiano Finale (Vize-Pr\u00e4sident), Denise Guldimann (Sekretariat) und Daniel Brenken (Beisitzer) obigen Verein. Er ist steuerbefreit (Verf\u00fcgung Steueramt des Kantons Aargau vom 4.6.2021). Das heisst, G\u00f6nner k\u00f6nnen ihre Spenden von den Steuern absetzen. Seit 1992 engagiert sich die Hans Haller-Stiftung (www.haller-stiftung.ch) f\u00fcr die Armen im Nordosten Brasiliens. Zu den Projekten &hellip; <\/p>\n<p class=\"link-more\"><a href=\"https:\/\/www.tier-umwelt-hilfe-brasilien.ch\/\" class=\"more-link\"><span class=\"screen-reader-text\">\u201eVerein Hilfe f\u00fcr Tiere und Umwelt in Brasilien (Associa\u00e7\u00e3o Salve o Meio Ambiente)\u201c<\/span> weiterlesen<\/a><\/p>\n","protected":false},"author":1,"featured_media":0,"parent":0,"menu_order":0,"comment_status":"closed","ping_status":"closed","template":"","meta":{"footnotes":""},"class_list":["post-391","page","type-page","status-publish","hentry"],"jetpack_sharing_enabled":true,"_links":{"self":[{"href":"https:\/\/www.tier-umwelt-hilfe-brasilien.ch\/index.php\/wp-json\/wp\/v2\/pages\/391","targetHints":{"allow":["GET"]}}],"collection":[{"href":"https:\/\/www.tier-umwelt-hilfe-brasilien.ch\/index.php\/wp-json\/wp\/v2\/pages"}],"about":[{"href":"https:\/\/www.tier-umwelt-hilfe-brasilien.ch\/index.php\/wp-json\/wp\/v2\/types\/page"}],"author":[{"embeddable":true,"href":"https:\/\/www.tier-umwelt-hilfe-brasilien.ch\/index.php\/wp-json\/wp\/v2\/users\/1"}],"replies":[{"embeddable":true,"href":"https:\/\/www.tier-umwelt-hilfe-brasilien.ch\/index.php\/wp-json\/wp\/v2\/comments?post=391"}],"version-history":[{"count":47,"href":"https:\/\/www.tier-umwelt-hilfe-brasilien.ch\/index.php\/wp-json\/wp\/v2\/pages\/391\/revisions"}],"predecessor-version":[{"id":841,"href":"https:\/\/www.tier-umwelt-hilfe-brasilien.ch\/index.php\/wp-json\/wp\/v2\/pages\/391\/revisions\/841"}],"wp:attachment":[{"href":"https:\/\/www.tier-umwelt-hilfe-brasilien.ch\/index.php\/wp-json\/wp\/v2\/media?parent=391"}],"curies":[{"name":"wp","href":"https:\/\/api.w.org\/{rel}","templated":true}]}}